{"id":75920,"date":"2025-07-11T15:34:48","date_gmt":"2025-07-11T12:34:48","guid":{"rendered":"https:\/\/demo8.ecube.lv\/sezona.lv\/products\/al-2-ergo-silver-touchscreen-9kg-150kg\/"},"modified":"2025-07-14T14:42:59","modified_gmt":"2025-07-14T11:42:59","slug":"al-2-ergo-silver-touchscreen-9kg-150kg","status":"publish","type":"product","link":"https:\/\/sezona.lv\/en\/products\/al-2-ergo-silver-touchscreen-9kg-150kg\/","title":{"rendered":"AL 2 ergo silver, TouchScreen, 9kg\/ 150kg"},"content":{"rendered":"<p><span class=\"Apple-style-span\">HA\/EN 957-1\/5 klases ergometrs ar augstu indik\u0101cijas precizit\u0101ti&nbsp;<br \/>24 pak\u0101pju motora un datora kontrol\u0113ta magn\u0113tiska sist\u0113mas noslodze&nbsp;<br \/>Spararats 9kg&nbsp;<\/span><\/p>\n<p><span class=\"Apple-style-span\">6 treni\u0146a programmas:<\/span><\/p>\n<ul>\n<li><span class=\"Apple-style-span\">3 sirdsdarb\u012bbas programmas<\/span><\/li>\n<li><span class=\"Apple-style-span\">4 individu\u0101l\u0101s programmas<\/span><\/li>\n<li><span class=\"Apple-style-span\">1 manu\u0101li iesat\u0101tam programma<\/span><\/li>\n<li><span class=\"Apple-style-span\">1 \u0137erme\u0146as tauku anal\u012bzes programma&nbsp;<\/span><\/li>\n<\/ul>\n<p><span class=\"Apple-style-span\">Pulsa mer\u012bt\u0101ji uz rokturiem&nbsp;<br \/>1 programma neatkar\u012bga no griezes \u0101truma (pretest\u012bbas regul\u0113&scaron;ana: 20-400W ar soli 5W)&nbsp;<br \/>Horizont\u0101li un vertik\u0101li regul\u0113jams s\u0113deklis (\u0101tra nofiks\u0113&scaron;ana)&nbsp;<br \/>St\u016bres un s\u0113dek\u013ca sl\u012bpuma regul\u0113&scaron;ana<br \/>Ritenti\u0146i trena\u017eiera transport\u0113&scaron;anai un trena\u017eiera l\u012bme\u0146a izl\u012bdzsvarot\u0101js<br \/>Adapteris<br \/>Touc  Screen dators ar 6 lodzi\u0146iem un sekojo&scaron;o parametru indik\u0101ciju: laiks,  \u0101trums, distance, aptuvenais kaloriju pat\u0113ri\u0146&scaron;, ped\u0101\u013cu griezes momenti,  pulss, slodze W<br \/>Iesp\u0113ja iestat\u012bt savus parametrus: laiks, distance, aptuvenais kaloriju pat\u0113ri\u0146&scaron;<br \/>Pazi\u0146ojumi par iestat\u012bto parametru p\u0101rsnieg&scaron;anu<br \/>Fitness &#8211; tests&nbsp;<br \/>Lietot\u0101ja maksim\u0101lais smagums-150kg<br \/>Izm\u0113ri: 96x59x134<\/span><\/p>\n","protected":false},"excerpt":{"rendered":"<p>HA\/EN 957-1\/5 klases ergometrs ar augstu indik\u0101cijas precizit\u0101ti&nbsp;24 pak\u0101pju motora un datora kontrol\u0113ta magn\u0113tiska sist\u0113mas noslodze&nbsp;Spararats 9kg&nbsp; 6 treni\u0146a programmas: 3 sirdsdarb\u012bbas programmas 4 individu\u0101l\u0101s programmas 1 manu\u0101li iesat\u0101tam programma 1 \u0137erme\u0146as tauku anal\u012bzes programma&nbsp; Pulsa mer\u012bt\u0101ji uz rokturiem&nbsp;1 programma neatkar\u012bga no griezes \u0101truma (pretest\u012bbas regul\u0113&scaron;ana: 20-400W ar soli 5W)&nbsp;Horizont\u0101li un vertik\u0101li regul\u0113jams s\u0113deklis (\u0101tra [&hellip;]<\/p>\n","protected":false},"featured_media":59556,"template":"","meta":[],"product_brand":[897],"product_cat":[4588,4589],"product_tag":[],"class_list":{"0":"post-75920","1":"product","2":"type-product","3":"status-publish","4":"has-post-thumbnail","6":"product_brand-christopeit","7":"product_cat-trainers-sports","8":"product_cat-bicycle-trainers-trainers-sports","10":"first","11":"instock","12":"shipping-taxable","13":"purchasable","14":"product-type-simple"},"_links":{"self":[{"href":"https:\/\/sezona.lv\/en\/wp-json\/wp\/v2\/product\/75920","targetHints":{"allow":["GET"]}}],"collection":[{"href":"https:\/\/sezona.lv\/en\/wp-json\/wp\/v2\/product"}],"about":[{"href":"https:\/\/sezona.lv\/en\/wp-json\/wp\/v2\/types\/product"}],"wp:featuredmedia":[{"embeddable":true,"href":"https:\/\/sezona.lv\/en\/wp-json\/wp\/v2\/media\/59556"}],"wp:attachment":[{"href":"https:\/\/sezona.lv\/en\/wp-json\/wp\/v2\/media?parent=75920"}],"wp:term":[{"taxonomy":"product_brand","embeddable":true,"href":"https:\/\/sezona.lv\/en\/wp-json\/wp\/v2\/product_brand?post=75920"},{"taxonomy":"product_cat","embeddable":true,"href":"https:\/\/sezona.lv\/en\/wp-json\/wp\/v2\/product_cat?post=75920"},{"taxonomy":"product_tag","embeddable":true,"href":"https:\/\/sezona.lv\/en\/wp-json\/wp\/v2\/product_tag?post=75920"}],"curies":[{"name":"wp","href":"https:\/\/api.w.org\/{rel}","templated":true}]}}