{"id":75921,"date":"2025-07-11T15:34:50","date_gmt":"2025-07-11T12:34:50","guid":{"rendered":"https:\/\/demo8.ecube.lv\/sezona.lv\/products\/et6-ergometrs-ha-klase-melns\/"},"modified":"2025-07-14T14:43:00","modified_gmt":"2025-07-14T11:43:00","slug":"et6-ergometrs-ha-klase-melns","status":"publish","type":"product","link":"https:\/\/sezona.lv\/en\/products\/et6-ergometrs-ha-klase-melns\/","title":{"rendered":"ET6 ergometrs, HA klase, melns"},"content":{"rendered":"<p>Magn\u0113tisk\u0101 slodzes sist\u0113ma<br \/>Slodzes elektronisk\u0101 regul\u0113&scaron;ana no datora pults<br \/>9 kg spararats<\/p>\n<p>Datora r\u0101d\u012bjumi:<\/p>\n<p>&nbsp;<\/p>\n<ul>\n<li> teko&scaron;ais \u0101trums,<\/li>\n<li>ener\u0123ijas pat\u0113ri\u0146&scaron;, <\/li>\n<li>noietais ce\u013c&scaron;, <\/li>\n<li>ped\u0101\u013cu apgr.\/min<\/li>\n<\/ul>\n<p>11 treni\u0146a programmas<\/p>\n<p>5 no pulsa atkar\u012bgas programmas<br \/>5 individu\u0101l\u0101s programmas, 16 individu\u0101l\u0101s slodzes pak\u0101pes<br \/>Programmas &#8220;Body fat&#8221;<br \/>1 neatkar\u012bga no grie&scaron;anas \u0101truma programma (pretest\u012bbas regul\u0113&scaron;ana: 40-400 W ar soli 10 W)<br \/>Transport\u0113&scaron;anas riten\u012b&scaron;i<br \/>Gr\u012bdas nel\u012bdzenuma kompensatori<br \/>Baro&scaron;anas bloks<br \/>Pulsa m\u0113r\u012b&scaron;ana ar dev\u0113jiem uz roktiriem<br \/>Horizont\u0101li un vertik\u0101li regul\u0113jams s\u0113deklis<br \/>Iesp\u0113ja uzdot savus parametrus: laiks, distace un aptuveno kaloriju pat\u0113ri\u0146u<br \/>Fitenss-tests<br \/>Bezvadu sirdsdarb\u012bbas uztv\u0113r\u0113js (opcija)<br \/>Lietot\u0101ja maksim\u0101lais svars 150 kg<br \/>Gabar\u012btizm\u0113ri: 96\u044552\u0445140 cm<br \/>Kr\u0101sa: melna-sudraba<\/p>\n","protected":false},"excerpt":{"rendered":"<p>Magn\u0113tisk\u0101 slodzes sist\u0113maSlodzes elektronisk\u0101 regul\u0113&scaron;ana no datora pults9 kg spararats Datora r\u0101d\u012bjumi: &nbsp; teko&scaron;ais \u0101trums, ener\u0123ijas pat\u0113ri\u0146&scaron;, noietais ce\u013c&scaron;, ped\u0101\u013cu apgr.\/min 11 treni\u0146a programmas 5 no pulsa atkar\u012bgas programmas5 individu\u0101l\u0101s programmas, 16 individu\u0101l\u0101s slodzes pak\u0101pesProgrammas &#8220;Body fat&#8221;1 neatkar\u012bga no grie&scaron;anas \u0101truma programma (pretest\u012bbas regul\u0113&scaron;ana: 40-400 W ar soli 10 W)Transport\u0113&scaron;anas riten\u012b&scaron;iGr\u012bdas nel\u012bdzenuma kompensatoriBaro&scaron;anas bloksPulsa m\u0113r\u012b&scaron;ana [&hellip;]<\/p>\n","protected":false},"featured_media":59559,"template":"","meta":[],"product_brand":[897],"product_cat":[4588,4589],"product_tag":[],"class_list":{"0":"post-75921","1":"product","2":"type-product","3":"status-publish","4":"has-post-thumbnail","6":"product_brand-christopeit","7":"product_cat-trainers-sports","8":"product_cat-bicycle-trainers-trainers-sports","10":"first","11":"instock","12":"shipping-taxable","13":"purchasable","14":"product-type-simple"},"_links":{"self":[{"href":"https:\/\/sezona.lv\/en\/wp-json\/wp\/v2\/product\/75921","targetHints":{"allow":["GET"]}}],"collection":[{"href":"https:\/\/sezona.lv\/en\/wp-json\/wp\/v2\/product"}],"about":[{"href":"https:\/\/sezona.lv\/en\/wp-json\/wp\/v2\/types\/product"}],"wp:featuredmedia":[{"embeddable":true,"href":"https:\/\/sezona.lv\/en\/wp-json\/wp\/v2\/media\/59559"}],"wp:attachment":[{"href":"https:\/\/sezona.lv\/en\/wp-json\/wp\/v2\/media?parent=75921"}],"wp:term":[{"taxonomy":"product_brand","embeddable":true,"href":"https:\/\/sezona.lv\/en\/wp-json\/wp\/v2\/product_brand?post=75921"},{"taxonomy":"product_cat","embeddable":true,"href":"https:\/\/sezona.lv\/en\/wp-json\/wp\/v2\/product_cat?post=75921"},{"taxonomy":"product_tag","embeddable":true,"href":"https:\/\/sezona.lv\/en\/wp-json\/wp\/v2\/product_tag?post=75921"}],"curies":[{"name":"wp","href":"https:\/\/api.w.org\/{rel}","templated":true}]}}