{"id":75922,"date":"2025-07-11T15:34:51","date_gmt":"2025-07-11T12:34:51","guid":{"rendered":"https:\/\/demo8.ecube.lv\/sezona.lv\/products\/ax-5-ellipt-9-kg-120kg\/"},"modified":"2025-07-14T14:43:01","modified_gmt":"2025-07-14T11:43:01","slug":"ax-5-ellipt-9-kg-120kg","status":"publish","type":"product","link":"https:\/\/sezona.lv\/en\/products\/ax-5-ellipt-9-kg-120kg\/","title":{"rendered":"AX 5 Ellipt.9 kg\/120kg"},"content":{"rendered":"<p>Magn\u0113tisk\u0101 slodzes sist\u0113ma<br \/> 9 kg spararats<br \/> Rokas pulsa m\u0113r\u012bt\u0101js<br \/> 3 reiz regul\u0113jams ped\u0101lis<br \/> Gr\u012bdas l\u012bme\u0146a konpens\u0113&scaron;ana<br \/> Transport\u0113jami riten\u012b&scaron;i<br \/> Liela displeja kompj\u016bters att\u0113lo: laiku, \u0101trumu, distanci, distanci kop\u0101, kalorijas, pulsu<br \/> Maksim\u0101lais lietot\u0101ja svars: 120 kg<br \/> Izm\u0113ri &#8211; 135x63x157<\/p>\n","protected":false},"excerpt":{"rendered":"<p>Magn\u0113tisk\u0101 slodzes sist\u0113ma 9 kg spararats Rokas pulsa m\u0113r\u012bt\u0101js 3 reiz regul\u0113jams ped\u0101lis Gr\u012bdas l\u012bme\u0146a konpens\u0113&scaron;ana Transport\u0113jami riten\u012b&scaron;i Liela displeja kompj\u016bters att\u0113lo: laiku, \u0101trumu, distanci, distanci kop\u0101, kalorijas, pulsu Maksim\u0101lais lietot\u0101ja svars: 120 kg Izm\u0113ri &#8211; 135x63x157<\/p>\n","protected":false},"featured_media":59562,"template":"","meta":[],"product_brand":[897],"product_cat":[967],"product_tag":[],"class_list":{"0":"post-75922","1":"product","2":"type-product","3":"status-publish","4":"has-post-thumbnail","6":"product_brand-christopeit","7":"product_cat-bez-kategorijas","9":"first","10":"instock","11":"shipping-taxable","12":"purchasable","13":"product-type-simple"},"_links":{"self":[{"href":"https:\/\/sezona.lv\/en\/wp-json\/wp\/v2\/product\/75922","targetHints":{"allow":["GET"]}}],"collection":[{"href":"https:\/\/sezona.lv\/en\/wp-json\/wp\/v2\/product"}],"about":[{"href":"https:\/\/sezona.lv\/en\/wp-json\/wp\/v2\/types\/product"}],"wp:featuredmedia":[{"embeddable":true,"href":"https:\/\/sezona.lv\/en\/wp-json\/wp\/v2\/media\/59562"}],"wp:attachment":[{"href":"https:\/\/sezona.lv\/en\/wp-json\/wp\/v2\/media?parent=75922"}],"wp:term":[{"taxonomy":"product_brand","embeddable":true,"href":"https:\/\/sezona.lv\/en\/wp-json\/wp\/v2\/product_brand?post=75922"},{"taxonomy":"product_cat","embeddable":true,"href":"https:\/\/sezona.lv\/en\/wp-json\/wp\/v2\/product_cat?post=75922"},{"taxonomy":"product_tag","embeddable":true,"href":"https:\/\/sezona.lv\/en\/wp-json\/wp\/v2\/product_tag?post=75922"}],"curies":[{"name":"wp","href":"https:\/\/api.w.org\/{rel}","templated":true}]}}