{"id":75923,"date":"2025-07-11T15:34:54","date_gmt":"2025-07-11T12:34:54","guid":{"rendered":"https:\/\/demo8.ecube.lv\/sezona.lv\/products\/kicker-junior-table-soccer\/"},"modified":"2025-07-14T14:43:02","modified_gmt":"2025-07-14T11:43:02","slug":"kicker-junior-table-soccer","status":"publish","type":"product","link":"https:\/\/sezona.lv\/en\/products\/kicker-junior-table-soccer\/","title":{"rendered":"Kicker Junior, Table soccer"},"content":{"rendered":"<p><span class=\"descr\">Ies\u0101c\u0101c\u0113jiem sp\u0113l\u0113tajiem.<br \/> &#8211; Koka galds ar koka k\u0101ji\u0146\u0101m,<br \/> -22 div\u0101s kr\u0101s\u0101s sp\u0113l\u0113t\u0101ji,<br \/> -2 varti,<br \/> -2 bumbu skait\u012bt\u0101ji,<br \/> -2 bumbi\u0146as.<\/span><\/p>\n","protected":false},"excerpt":{"rendered":"<p>Ies\u0101c\u0101c\u0113jiem sp\u0113l\u0113tajiem. &#8211; Koka galds ar koka k\u0101ji\u0146\u0101m, -22 div\u0101s kr\u0101s\u0101s sp\u0113l\u0113t\u0101ji, -2 varti, -2 bumbu skait\u012bt\u0101ji, -2 bumbi\u0146as.<\/p>\n","protected":false},"featured_media":59565,"template":"","meta":[],"product_brand":[897],"product_cat":[4579,4857],"product_tag":[],"class_list":{"0":"post-75923","1":"product","2":"type-product","3":"status-publish","4":"has-post-thumbnail","6":"product_brand-christopeit","7":"product_cat-board-games-recreation","8":"product_cat-table-games-and-accessories-board-games-recreation","10":"first","11":"instock","12":"shipping-taxable","13":"purchasable","14":"product-type-simple"},"_links":{"self":[{"href":"https:\/\/sezona.lv\/en\/wp-json\/wp\/v2\/product\/75923","targetHints":{"allow":["GET"]}}],"collection":[{"href":"https:\/\/sezona.lv\/en\/wp-json\/wp\/v2\/product"}],"about":[{"href":"https:\/\/sezona.lv\/en\/wp-json\/wp\/v2\/types\/product"}],"wp:featuredmedia":[{"embeddable":true,"href":"https:\/\/sezona.lv\/en\/wp-json\/wp\/v2\/media\/59565"}],"wp:attachment":[{"href":"https:\/\/sezona.lv\/en\/wp-json\/wp\/v2\/media?parent=75923"}],"wp:term":[{"taxonomy":"product_brand","embeddable":true,"href":"https:\/\/sezona.lv\/en\/wp-json\/wp\/v2\/product_brand?post=75923"},{"taxonomy":"product_cat","embeddable":true,"href":"https:\/\/sezona.lv\/en\/wp-json\/wp\/v2\/product_cat?post=75923"},{"taxonomy":"product_tag","embeddable":true,"href":"https:\/\/sezona.lv\/en\/wp-json\/wp\/v2\/product_tag?post=75923"}],"curies":[{"name":"wp","href":"https:\/\/api.w.org\/{rel}","templated":true}]}}