{"id":75924,"date":"2025-07-11T15:34:55","date_gmt":"2025-07-11T12:34:55","guid":{"rendered":"https:\/\/demo8.ecube.lv\/sezona.lv\/products\/462020-maksliga-egle-210cm-zala\/"},"modified":"2025-07-14T14:43:05","modified_gmt":"2025-07-14T11:43:05","slug":"462020-maksliga-egle-210cm-zala","status":"publish","type":"product","link":"https:\/\/sezona.lv\/en\/products\/462020-maksliga-egle-210cm-zala\/","title":{"rendered":"462020 M\u0101ksl\u012bg\u0101 egle 210cm za\u013ca"},"content":{"rendered":"<ul>\n<li>Izm\u0113rs: 210 cm<\/li>\n<li>Kr\u0101sa: za\u013ca<\/li>\n<\/ul>\n","protected":false},"excerpt":{"rendered":"<p>Izm\u0113rs: 210 cm Kr\u0101sa: za\u013ca<\/p>\n","protected":false},"featured_media":59568,"template":"","meta":[],"product_brand":[],"product_cat":[4604,4605],"product_tag":[],"class_list":{"0":"post-75924","1":"product","2":"type-product","3":"status-publish","4":"has-post-thumbnail","6":"product_cat-christmas-items-winter","7":"product_cat-artificial-christmas-trees-christmas-items-winter","9":"first","10":"instock","11":"shipping-taxable","12":"purchasable","13":"product-type-simple"},"_links":{"self":[{"href":"https:\/\/sezona.lv\/en\/wp-json\/wp\/v2\/product\/75924","targetHints":{"allow":["GET"]}}],"collection":[{"href":"https:\/\/sezona.lv\/en\/wp-json\/wp\/v2\/product"}],"about":[{"href":"https:\/\/sezona.lv\/en\/wp-json\/wp\/v2\/types\/product"}],"wp:featuredmedia":[{"embeddable":true,"href":"https:\/\/sezona.lv\/en\/wp-json\/wp\/v2\/media\/59568"}],"wp:attachment":[{"href":"https:\/\/sezona.lv\/en\/wp-json\/wp\/v2\/media?parent=75924"}],"wp:term":[{"taxonomy":"product_brand","embeddable":true,"href":"https:\/\/sezona.lv\/en\/wp-json\/wp\/v2\/product_brand?post=75924"},{"taxonomy":"product_cat","embeddable":true,"href":"https:\/\/sezona.lv\/en\/wp-json\/wp\/v2\/product_cat?post=75924"},{"taxonomy":"product_tag","embeddable":true,"href":"https:\/\/sezona.lv\/en\/wp-json\/wp\/v2\/product_tag?post=75924"}],"curies":[{"name":"wp","href":"https:\/\/api.w.org\/{rel}","templated":true}]}}