{"id":75926,"date":"2025-07-11T15:34:57","date_gmt":"2025-07-11T12:34:57","guid":{"rendered":"https:\/\/demo8.ecube.lv\/sezona.lv\/products\/094783-spuldzisu-spuldzu-virtene\/"},"modified":"2025-07-14T14:43:07","modified_gmt":"2025-07-14T11:43:07","slug":"094783-spuldzisu-spuldzu-virtene","status":"publish","type":"product","link":"https:\/\/sezona.lv\/en\/products\/094783-spuldzisu-spuldzu-virtene\/","title":{"rendered":"094783 Spuldz\u012b\u0161u spuld\u017eu virtene"},"content":{"rendered":"<ul>\n<li>Garums: 20 diodes <\/li>\n<li>Kr\u0101sa: violeta<\/li>\n<\/ul>\n","protected":false},"excerpt":{"rendered":"<p>Garums: 20 diodes Kr\u0101sa: violeta<\/p>\n","protected":false},"featured_media":59574,"template":"","meta":[],"product_brand":[],"product_cat":[4604,4607],"product_tag":[],"class_list":{"0":"post-75926","1":"product","2":"type-product","3":"status-publish","4":"has-post-thumbnail","6":"product_cat-christmas-items-winter","7":"product_cat-chains-christmas-items-winter","9":"first","10":"instock","11":"shipping-taxable","12":"purchasable","13":"product-type-simple"},"_links":{"self":[{"href":"https:\/\/sezona.lv\/en\/wp-json\/wp\/v2\/product\/75926","targetHints":{"allow":["GET"]}}],"collection":[{"href":"https:\/\/sezona.lv\/en\/wp-json\/wp\/v2\/product"}],"about":[{"href":"https:\/\/sezona.lv\/en\/wp-json\/wp\/v2\/types\/product"}],"wp:featuredmedia":[{"embeddable":true,"href":"https:\/\/sezona.lv\/en\/wp-json\/wp\/v2\/media\/59574"}],"wp:attachment":[{"href":"https:\/\/sezona.lv\/en\/wp-json\/wp\/v2\/media?parent=75926"}],"wp:term":[{"taxonomy":"product_brand","embeddable":true,"href":"https:\/\/sezona.lv\/en\/wp-json\/wp\/v2\/product_brand?post=75926"},{"taxonomy":"product_cat","embeddable":true,"href":"https:\/\/sezona.lv\/en\/wp-json\/wp\/v2\/product_cat?post=75926"},{"taxonomy":"product_tag","embeddable":true,"href":"https:\/\/sezona.lv\/en\/wp-json\/wp\/v2\/product_tag?post=75926"}],"curies":[{"name":"wp","href":"https:\/\/api.w.org\/{rel}","templated":true}]}}