{"id":75931,"date":"2025-07-11T15:35:02","date_gmt":"2025-07-11T12:35:02","guid":{"rendered":"https:\/\/demo8.ecube.lv\/sezona.lv\/products\/064191-160-led-diozu-tikls\/"},"modified":"2025-07-14T14:43:12","modified_gmt":"2025-07-14T11:43:12","slug":"064191-160-led-diozu-tikls","status":"publish","type":"product","link":"https:\/\/sezona.lv\/en\/products\/064191-160-led-diozu-tikls\/","title":{"rendered":"064191 160 LED dio\u017eu t\u012bkls"},"content":{"rendered":"<ul>\n<li>Izm\u0113rs: 3.6 x 0.7m<\/li>\n<li>Kr\u0101sa: caursp\u012bd\u012bga<\/li>\n<\/ul>\n","protected":false},"excerpt":{"rendered":"<p>Izm\u0113rs: 3.6 x 0.7m Kr\u0101sa: caursp\u012bd\u012bga<\/p>\n","protected":false},"featured_media":59589,"template":"","meta":[],"product_brand":[],"product_cat":[4604,4609],"product_tag":[],"class_list":{"0":"post-75931","1":"product","2":"type-product","3":"status-publish","4":"has-post-thumbnail","6":"product_cat-christmas-items-winter","7":"product_cat-electronic-decor-christmas-items-winter","9":"first","10":"instock","11":"shipping-taxable","12":"purchasable","13":"product-type-simple"},"_links":{"self":[{"href":"https:\/\/sezona.lv\/en\/wp-json\/wp\/v2\/product\/75931","targetHints":{"allow":["GET"]}}],"collection":[{"href":"https:\/\/sezona.lv\/en\/wp-json\/wp\/v2\/product"}],"about":[{"href":"https:\/\/sezona.lv\/en\/wp-json\/wp\/v2\/types\/product"}],"wp:featuredmedia":[{"embeddable":true,"href":"https:\/\/sezona.lv\/en\/wp-json\/wp\/v2\/media\/59589"}],"wp:attachment":[{"href":"https:\/\/sezona.lv\/en\/wp-json\/wp\/v2\/media?parent=75931"}],"wp:term":[{"taxonomy":"product_brand","embeddable":true,"href":"https:\/\/sezona.lv\/en\/wp-json\/wp\/v2\/product_brand?post=75931"},{"taxonomy":"product_cat","embeddable":true,"href":"https:\/\/sezona.lv\/en\/wp-json\/wp\/v2\/product_cat?post=75931"},{"taxonomy":"product_tag","embeddable":true,"href":"https:\/\/sezona.lv\/en\/wp-json\/wp\/v2\/product_tag?post=75931"}],"curies":[{"name":"wp","href":"https:\/\/api.w.org\/{rel}","templated":true}]}}