{"id":75934,"date":"2025-07-11T15:35:07","date_gmt":"2025-07-11T12:35:07","guid":{"rendered":"https:\/\/demo8.ecube.lv\/sezona.lv\/products\/mora-ice-expert-pro-110mm\/"},"modified":"2025-07-14T14:43:15","modified_gmt":"2025-07-14T11:43:15","slug":"mora-ice-expert-pro-110mm","status":"publish","type":"product","link":"https:\/\/sezona.lv\/en\/products\/mora-ice-expert-pro-110mm\/","title":{"rendered":"Mora ICE EXPERT PRO 110mm"},"content":{"rendered":"<p>Ledus urbis, kas ir paredz\u0113ts barg\u0101m ziem\u0101m, kur\u0101s ledus biezums  sniedzas p\u0101ri 1 metram. &Scaron;im ledus urbim ir pagarin\u0101ta v\u012btne k\u0101 ar\u012b  saliekams rokturis.<\/p>\n<table id=\"product-properties\" class=\"table-display\" border=\"0\">\n<tbody>\n<tr>\n<td class=\"title\">Z\u012bmols<\/td>\n<td>MORA OF SWEDEN<\/td>\n<\/tr>\n<tr>\n<td class=\"title\">Modelis<\/td>\n<td>ICE EXPERT PRO<\/td>\n<\/tr>\n<tr>\n<td class=\"title\">Izplat\u012bt\u0101js<\/td>\n<td>Mora of Sweden<\/td>\n<\/tr>\n<tr>\n<td class=\"title\">Valsts<\/td>\n<td>Zviedrija<\/td>\n<\/tr>\n<\/tbody>\n<\/table>\n","protected":false},"excerpt":{"rendered":"<p>Ledus urbis, kas ir paredz\u0113ts barg\u0101m ziem\u0101m, kur\u0101s ledus biezums sniedzas p\u0101ri 1 metram. &Scaron;im ledus urbim ir pagarin\u0101ta v\u012btne k\u0101 ar\u012b saliekams rokturis. Z\u012bmols MORA OF SWEDEN Modelis ICE EXPERT PRO Izplat\u012bt\u0101js Mora of Sweden Valsts Zviedrija<\/p>\n","protected":false},"featured_media":59598,"template":"","meta":[],"product_brand":[],"product_cat":[4585,4613],"product_tag":[],"class_list":{"0":"post-75934","1":"product","2":"type-product","3":"status-publish","4":"has-post-thumbnail","6":"product_cat-winter-fishing-equipment-recreation","7":"product_cat-ice-drills-and-accessories-winter-fishing-equipment-recreation","9":"first","10":"instock","11":"shipping-taxable","12":"purchasable","13":"product-type-simple"},"_links":{"self":[{"href":"https:\/\/sezona.lv\/en\/wp-json\/wp\/v2\/product\/75934","targetHints":{"allow":["GET"]}}],"collection":[{"href":"https:\/\/sezona.lv\/en\/wp-json\/wp\/v2\/product"}],"about":[{"href":"https:\/\/sezona.lv\/en\/wp-json\/wp\/v2\/types\/product"}],"wp:featuredmedia":[{"embeddable":true,"href":"https:\/\/sezona.lv\/en\/wp-json\/wp\/v2\/media\/59598"}],"wp:attachment":[{"href":"https:\/\/sezona.lv\/en\/wp-json\/wp\/v2\/media?parent=75934"}],"wp:term":[{"taxonomy":"product_brand","embeddable":true,"href":"https:\/\/sezona.lv\/en\/wp-json\/wp\/v2\/product_brand?post=75934"},{"taxonomy":"product_cat","embeddable":true,"href":"https:\/\/sezona.lv\/en\/wp-json\/wp\/v2\/product_cat?post=75934"},{"taxonomy":"product_tag","embeddable":true,"href":"https:\/\/sezona.lv\/en\/wp-json\/wp\/v2\/product_tag?post=75934"}],"curies":[{"name":"wp","href":"https:\/\/api.w.org\/{rel}","templated":true}]}}