{"id":75935,"date":"2025-07-11T15:35:09","date_gmt":"2025-07-11T12:35:09","guid":{"rendered":"https:\/\/demo8.ecube.lv\/sezona.lv\/products\/novuss-standart-komplekts\/"},"modified":"2025-07-14T14:43:16","modified_gmt":"2025-07-14T11:43:16","slug":"novuss-standart-komplekts","status":"publish","type":"product","link":"https:\/\/sezona.lv\/en\/products\/novuss-standart-komplekts\/","title":{"rendered":"Novuss STANDART komplekts"},"content":{"rendered":"<p>Novuss STANDART komplekts ( virsmas borti 40&#215;60 mm, 2 kijas 1.0m, kauli\u0146u komplekts (16 sarkani, 16 melni, 2 mam\u012btes), borsk\u0101bes iepakojums un sp\u0113les noteikumi.)<\/p>\n","protected":false},"excerpt":{"rendered":"<p>Novuss STANDART komplekts ( virsmas borti 40&#215;60 mm, 2 kijas 1.0m, kauli\u0146u komplekts (16 sarkani, 16 melni, 2 mam\u012btes), borsk\u0101bes iepakojums un sp\u0113les noteikumi.)<\/p>\n","protected":false},"featured_media":59603,"template":"","meta":[],"product_brand":[],"product_cat":[4579,4856],"product_tag":[],"class_list":{"0":"post-75935","1":"product","2":"type-product","3":"status-publish","4":"has-post-thumbnail","6":"product_cat-board-games-recreation","7":"product_cat-novus-and-accessories-board-games-recreation","9":"first","10":"instock","11":"shipping-taxable","12":"purchasable","13":"product-type-simple"},"_links":{"self":[{"href":"https:\/\/sezona.lv\/en\/wp-json\/wp\/v2\/product\/75935","targetHints":{"allow":["GET"]}}],"collection":[{"href":"https:\/\/sezona.lv\/en\/wp-json\/wp\/v2\/product"}],"about":[{"href":"https:\/\/sezona.lv\/en\/wp-json\/wp\/v2\/types\/product"}],"wp:featuredmedia":[{"embeddable":true,"href":"https:\/\/sezona.lv\/en\/wp-json\/wp\/v2\/media\/59603"}],"wp:attachment":[{"href":"https:\/\/sezona.lv\/en\/wp-json\/wp\/v2\/media?parent=75935"}],"wp:term":[{"taxonomy":"product_brand","embeddable":true,"href":"https:\/\/sezona.lv\/en\/wp-json\/wp\/v2\/product_brand?post=75935"},{"taxonomy":"product_cat","embeddable":true,"href":"https:\/\/sezona.lv\/en\/wp-json\/wp\/v2\/product_cat?post=75935"},{"taxonomy":"product_tag","embeddable":true,"href":"https:\/\/sezona.lv\/en\/wp-json\/wp\/v2\/product_tag?post=75935"}],"curies":[{"name":"wp","href":"https:\/\/api.w.org\/{rel}","templated":true}]}}