{"id":75936,"date":"2025-07-11T15:35:11","date_gmt":"2025-07-11T12:35:11","guid":{"rendered":"https:\/\/demo8.ecube.lv\/sezona.lv\/products\/novuss-meduskoks-club-komplekts\/"},"modified":"2025-07-14T14:43:16","modified_gmt":"2025-07-14T11:43:16","slug":"novuss-meduskoks-club-komplekts","status":"publish","type":"product","link":"https:\/\/sezona.lv\/en\/products\/novuss-meduskoks-club-komplekts\/","title":{"rendered":"Novuss MedusKoks \u00abClub\u00bb komplekts"},"content":{"rendered":"<p>Novuss MedusKoks &laquo;Club&raquo; komplekts: virsma MedusKoks &laquo;Club&raquo;, k\u0101ji\u0146as MedusKoks &laquo;Club&raquo;, 2 kijas MedusKoks 110, kauli\u0146u komplekts (16 sarkani, 16 melni, 2 mam\u012btes), borsk\u0101bes iepakojums un sp\u0113les noteikumi.<\/p>\n","protected":false},"excerpt":{"rendered":"<p>Novuss MedusKoks &laquo;Club&raquo; komplekts: virsma MedusKoks &laquo;Club&raquo;, k\u0101ji\u0146as MedusKoks &laquo;Club&raquo;, 2 kijas MedusKoks 110, kauli\u0146u komplekts (16 sarkani, 16 melni, 2 mam\u012btes), borsk\u0101bes iepakojums un sp\u0113les noteikumi.<\/p>\n","protected":false},"featured_media":59606,"template":"","meta":[],"product_brand":[],"product_cat":[4579,4856],"product_tag":[],"class_list":{"0":"post-75936","1":"product","2":"type-product","3":"status-publish","4":"has-post-thumbnail","6":"product_cat-board-games-recreation","7":"product_cat-novus-and-accessories-board-games-recreation","9":"first","10":"instock","11":"shipping-taxable","12":"purchasable","13":"product-type-simple"},"_links":{"self":[{"href":"https:\/\/sezona.lv\/en\/wp-json\/wp\/v2\/product\/75936","targetHints":{"allow":["GET"]}}],"collection":[{"href":"https:\/\/sezona.lv\/en\/wp-json\/wp\/v2\/product"}],"about":[{"href":"https:\/\/sezona.lv\/en\/wp-json\/wp\/v2\/types\/product"}],"wp:featuredmedia":[{"embeddable":true,"href":"https:\/\/sezona.lv\/en\/wp-json\/wp\/v2\/media\/59606"}],"wp:attachment":[{"href":"https:\/\/sezona.lv\/en\/wp-json\/wp\/v2\/media?parent=75936"}],"wp:term":[{"taxonomy":"product_brand","embeddable":true,"href":"https:\/\/sezona.lv\/en\/wp-json\/wp\/v2\/product_brand?post=75936"},{"taxonomy":"product_cat","embeddable":true,"href":"https:\/\/sezona.lv\/en\/wp-json\/wp\/v2\/product_cat?post=75936"},{"taxonomy":"product_tag","embeddable":true,"href":"https:\/\/sezona.lv\/en\/wp-json\/wp\/v2\/product_tag?post=75936"}],"curies":[{"name":"wp","href":"https:\/\/api.w.org\/{rel}","templated":true}]}}