{"id":75937,"date":"2025-07-11T15:35:12","date_gmt":"2025-07-11T12:35:12","guid":{"rendered":"https:\/\/demo8.ecube.lv\/sezona.lv\/products\/spokey-zephire\/"},"modified":"2025-07-14T14:43:18","modified_gmt":"2025-07-14T11:43:18","slug":"spokey-zephire","status":"publish","type":"product","link":"https:\/\/sezona.lv\/en\/products\/spokey-zephire\/","title":{"rendered":"Spokey Zephire"},"content":{"rendered":"<ul>\n<li>\n<div class=\"row\">\n<div class=\"first\">LCD displejs<\/div>\n<\/div>\n<\/li>\n<li>\n<div class=\"row\">\n<div class=\"first\">Displej\u0101 r\u0101d\u012btie parametri &#8211; laiks, \u0101trums, att\u0101lums, kalorijas, pulss, pulkstenis<\/div>\n<\/div>\n<\/li>\n<li>\n<div class=\"row\">\n<div class=\"first\">Magn\u0113tisk\u0101 bremz\u0113&scaron;anas sist\u0113ma<\/div>\n<\/div>\n<\/li>\n<li>\n<div class=\"row\">\n<div class=\"second\">Inerces masa 3 kg<\/div>\n<\/div>\n<\/li>\n<li> Lietot\u0101ja maksim\u0101lais svars 100 kg<\/li>\n<li>\n<div class=\"second\">Izm\u0113rs: 87x 47 x 112.5 \u0441\u043c<\/div>\n<\/li>\n<\/ul>\n","protected":false},"excerpt":{"rendered":"<p>LCD displejs Displej\u0101 r\u0101d\u012btie parametri &#8211; laiks, \u0101trums, att\u0101lums, kalorijas, pulss, pulkstenis Magn\u0113tisk\u0101 bremz\u0113&scaron;anas sist\u0113ma Inerces masa 3 kg Lietot\u0101ja maksim\u0101lais svars 100 kg Izm\u0113rs: 87x 47 x 112.5 \u0441\u043c<\/p>\n","protected":false},"featured_media":59613,"template":"","meta":[],"product_brand":[],"product_cat":[4588,4589],"product_tag":[],"class_list":{"0":"post-75937","1":"product","2":"type-product","3":"status-publish","4":"has-post-thumbnail","6":"product_cat-trainers-sports","7":"product_cat-bicycle-trainers-trainers-sports","9":"first","10":"instock","11":"shipping-taxable","12":"purchasable","13":"product-type-simple"},"_links":{"self":[{"href":"https:\/\/sezona.lv\/en\/wp-json\/wp\/v2\/product\/75937","targetHints":{"allow":["GET"]}}],"collection":[{"href":"https:\/\/sezona.lv\/en\/wp-json\/wp\/v2\/product"}],"about":[{"href":"https:\/\/sezona.lv\/en\/wp-json\/wp\/v2\/types\/product"}],"wp:featuredmedia":[{"embeddable":true,"href":"https:\/\/sezona.lv\/en\/wp-json\/wp\/v2\/media\/59613"}],"wp:attachment":[{"href":"https:\/\/sezona.lv\/en\/wp-json\/wp\/v2\/media?parent=75937"}],"wp:term":[{"taxonomy":"product_brand","embeddable":true,"href":"https:\/\/sezona.lv\/en\/wp-json\/wp\/v2\/product_brand?post=75937"},{"taxonomy":"product_cat","embeddable":true,"href":"https:\/\/sezona.lv\/en\/wp-json\/wp\/v2\/product_cat?post=75937"},{"taxonomy":"product_tag","embeddable":true,"href":"https:\/\/sezona.lv\/en\/wp-json\/wp\/v2\/product_tag?post=75937"}],"curies":[{"name":"wp","href":"https:\/\/api.w.org\/{rel}","templated":true}]}}