{"id":75938,"date":"2025-07-11T15:35:13","date_gmt":"2025-07-11T12:35:13","guid":{"rendered":"https:\/\/demo8.ecube.lv\/sezona.lv\/products\/spokey-kanzas\/"},"modified":"2025-07-14T14:43:18","modified_gmt":"2025-07-14T11:43:18","slug":"spokey-kanzas","status":"publish","type":"product","link":"https:\/\/sezona.lv\/en\/products\/spokey-kanzas\/","title":{"rendered":"Spokey Kanzas"},"content":{"rendered":"<div id=\"content-body\">\n<div class=\"product-body\">\n<ul>\n<li>Iek&scaron;\u0113ja magn\u0113tisk\u0101 sist\u0113ma<\/li>\n<li>8 &#8211; slodzes &nbsp;l\u012bme\u0146i,&nbsp;manu\u0101l\u0101&nbsp;slodzes kontrole<\/li>\n<li>Spararats: 5 kg<\/li>\n<li>Pulsa m\u0113r\u012bt\u0101ji uz rokturiem<\/li>\n<li>Datora funkcijas: laiks, distance, \u0101trums, kalorijas, pulss, ODO, sken\u0113&scaron;ana<\/li>\n<li>Maksim\u0101lais lietot\u0101ja svars: 120 kg<\/li>\n<li>Vertik\u0101l\u0101 un horizont\u0101l\u0101 s\u0113dek\u013ca regul\u0113&scaron;ana<\/li>\n<li>Regul\u0113jams rokturis<\/li>\n<li>S\u0113dek\u013ca augstums: 75 &#8211; 97 cm<\/li>\n<li>Transport\u0113&scaron;anas rite\u0146i<\/li>\n<li>Izm\u0113ri: 93,5x45x124 cm<\/li>\n<\/ul>\n<\/div>\n<\/div>\n","protected":false},"excerpt":{"rendered":"<p>Iek&scaron;\u0113ja magn\u0113tisk\u0101 sist\u0113ma 8 &#8211; slodzes &nbsp;l\u012bme\u0146i,&nbsp;manu\u0101l\u0101&nbsp;slodzes kontrole Spararats: 5 kg Pulsa m\u0113r\u012bt\u0101ji uz rokturiem Datora funkcijas: laiks, distance, \u0101trums, kalorijas, pulss, ODO, sken\u0113&scaron;ana Maksim\u0101lais lietot\u0101ja svars: 120 kg Vertik\u0101l\u0101 un horizont\u0101l\u0101 s\u0113dek\u013ca regul\u0113&scaron;ana Regul\u0113jams rokturis S\u0113dek\u013ca augstums: 75 &#8211; 97 cm Transport\u0113&scaron;anas rite\u0146i Izm\u0113ri: 93,5x45x124 cm<\/p>\n","protected":false},"featured_media":59616,"template":"","meta":[],"product_brand":[],"product_cat":[4588,4589],"product_tag":[],"class_list":{"0":"post-75938","1":"product","2":"type-product","3":"status-publish","4":"has-post-thumbnail","6":"product_cat-trainers-sports","7":"product_cat-bicycle-trainers-trainers-sports","9":"first","10":"instock","11":"shipping-taxable","12":"purchasable","13":"product-type-simple"},"_links":{"self":[{"href":"https:\/\/sezona.lv\/en\/wp-json\/wp\/v2\/product\/75938","targetHints":{"allow":["GET"]}}],"collection":[{"href":"https:\/\/sezona.lv\/en\/wp-json\/wp\/v2\/product"}],"about":[{"href":"https:\/\/sezona.lv\/en\/wp-json\/wp\/v2\/types\/product"}],"wp:featuredmedia":[{"embeddable":true,"href":"https:\/\/sezona.lv\/en\/wp-json\/wp\/v2\/media\/59616"}],"wp:attachment":[{"href":"https:\/\/sezona.lv\/en\/wp-json\/wp\/v2\/media?parent=75938"}],"wp:term":[{"taxonomy":"product_brand","embeddable":true,"href":"https:\/\/sezona.lv\/en\/wp-json\/wp\/v2\/product_brand?post=75938"},{"taxonomy":"product_cat","embeddable":true,"href":"https:\/\/sezona.lv\/en\/wp-json\/wp\/v2\/product_cat?post=75938"},{"taxonomy":"product_tag","embeddable":true,"href":"https:\/\/sezona.lv\/en\/wp-json\/wp\/v2\/product_tag?post=75938"}],"curies":[{"name":"wp","href":"https:\/\/api.w.org\/{rel}","templated":true}]}}