{"id":75939,"date":"2025-07-11T15:35:14","date_gmt":"2025-07-11T12:35:14","guid":{"rendered":"https:\/\/demo8.ecube.lv\/sezona.lv\/products\/spokey-montana\/"},"modified":"2025-07-14T14:43:19","modified_gmt":"2025-07-14T11:43:19","slug":"spokey-montana","status":"publish","type":"product","link":"https:\/\/sezona.lv\/en\/products\/spokey-montana\/","title":{"rendered":"Spokey Montana"},"content":{"rendered":"<ul>\n<li> Iek&scaron;\u0113j\u0101 magn\u0113tisk\u0101 sist\u0113ma<\/li>\n<li>8 slodzes l\u012bme\u0146i, manu\u0101l\u0101 piel\u0101go&scaron;an\u0101s pretest\u012bba<\/li>\n<li>Spararats: 6 kg<\/li>\n<li>Pulsa m\u0113r\u012bt\u0101ji uz rokturiem<\/li>\n<li>Datora funkcijas: laiks, distance, \u0101trums, kalorijas, pulss, odometrs,<\/li>\n<li>Maksim\u0101lais lietot\u0101ja svars: 130 kg<\/li>\n<li>Vertik\u0101l\u0101 un horizont\u0101l\u0101 s\u0113dek\u013ca regul\u0113&scaron;anas<\/li>\n<li>Regul\u0113jams st\u016bres le\u0146\u0137is<\/li>\n<li>S\u0113dek\u013ca augstuma regul\u0113&scaron;ana: 76 &#8211; 96 cm<\/li>\n<li>Transporta velt\u0146i<\/li>\n<li>Izm\u0113ri: 94x54x131. 5cm<\/li>\n<\/ul>\n","protected":false},"excerpt":{"rendered":"<p>Iek&scaron;\u0113j\u0101 magn\u0113tisk\u0101 sist\u0113ma 8 slodzes l\u012bme\u0146i, manu\u0101l\u0101 piel\u0101go&scaron;an\u0101s pretest\u012bba Spararats: 6 kg Pulsa m\u0113r\u012bt\u0101ji uz rokturiem Datora funkcijas: laiks, distance, \u0101trums, kalorijas, pulss, odometrs, Maksim\u0101lais lietot\u0101ja svars: 130 kg Vertik\u0101l\u0101 un horizont\u0101l\u0101 s\u0113dek\u013ca regul\u0113&scaron;anas Regul\u0113jams st\u016bres le\u0146\u0137is S\u0113dek\u013ca augstuma regul\u0113&scaron;ana: 76 &#8211; 96 cm Transporta velt\u0146i Izm\u0113ri: 94x54x131. 5cm<\/p>\n","protected":false},"featured_media":59619,"template":"","meta":[],"product_brand":[],"product_cat":[4588,4589],"product_tag":[],"class_list":{"0":"post-75939","1":"product","2":"type-product","3":"status-publish","4":"has-post-thumbnail","6":"product_cat-trainers-sports","7":"product_cat-bicycle-trainers-trainers-sports","9":"first","10":"instock","11":"shipping-taxable","12":"purchasable","13":"product-type-simple"},"_links":{"self":[{"href":"https:\/\/sezona.lv\/en\/wp-json\/wp\/v2\/product\/75939","targetHints":{"allow":["GET"]}}],"collection":[{"href":"https:\/\/sezona.lv\/en\/wp-json\/wp\/v2\/product"}],"about":[{"href":"https:\/\/sezona.lv\/en\/wp-json\/wp\/v2\/types\/product"}],"wp:featuredmedia":[{"embeddable":true,"href":"https:\/\/sezona.lv\/en\/wp-json\/wp\/v2\/media\/59619"}],"wp:attachment":[{"href":"https:\/\/sezona.lv\/en\/wp-json\/wp\/v2\/media?parent=75939"}],"wp:term":[{"taxonomy":"product_brand","embeddable":true,"href":"https:\/\/sezona.lv\/en\/wp-json\/wp\/v2\/product_brand?post=75939"},{"taxonomy":"product_cat","embeddable":true,"href":"https:\/\/sezona.lv\/en\/wp-json\/wp\/v2\/product_cat?post=75939"},{"taxonomy":"product_tag","embeddable":true,"href":"https:\/\/sezona.lv\/en\/wp-json\/wp\/v2\/product_tag?post=75939"}],"curies":[{"name":"wp","href":"https:\/\/api.w.org\/{rel}","templated":true}]}}