{"id":75941,"date":"2025-07-11T15:35:16","date_gmt":"2025-07-11T12:35:16","guid":{"rendered":"https:\/\/demo8.ecube.lv\/sezona.lv\/products\/spokey-zonda\/"},"modified":"2025-07-14T14:43:22","modified_gmt":"2025-07-14T11:43:22","slug":"spokey-zonda","status":"publish","type":"product","link":"https:\/\/sezona.lv\/en\/products\/spokey-zonda\/","title":{"rendered":"Spokey Zonda"},"content":{"rendered":"<ul>\n<li>LCD displejs<\/li>\n<li>Displej\u0101 r\u0101d\u012btie parametri -laiks, \u0101trums, att\u0101lums, kalorijas, pulss, temperet\u016bra<\/li>\n<li>Magn\u0113tisk\u0101 bremz\u0113&scaron;anas sist\u0113ma<\/li>\n<li>Inerces masa 5.5 kg<\/li>\n<li>Lietot\u0101ja maksim\u0101lais svars 100 kg<\/li>\n<li>Izm\u0113ri &#8211; 124x 51 x 156 \u0441\u043c<\/li>\n<\/ul>\n","protected":false},"excerpt":{"rendered":"<p>LCD displejs Displej\u0101 r\u0101d\u012btie parametri -laiks, \u0101trums, att\u0101lums, kalorijas, pulss, temperet\u016bra Magn\u0113tisk\u0101 bremz\u0113&scaron;anas sist\u0113ma Inerces masa 5.5 kg Lietot\u0101ja maksim\u0101lais svars 100 kg Izm\u0113ri &#8211; 124x 51 x 156 \u0441\u043c<\/p>\n","protected":false},"featured_media":59625,"template":"","meta":[],"product_brand":[],"product_cat":[4588,4590],"product_tag":[],"class_list":{"0":"post-75941","1":"product","2":"type-product","3":"status-publish","4":"has-post-thumbnail","6":"product_cat-trainers-sports","7":"product_cat-elliptical-trainers-trainers-sports","9":"first","10":"instock","11":"shipping-taxable","12":"purchasable","13":"product-type-simple"},"_links":{"self":[{"href":"https:\/\/sezona.lv\/en\/wp-json\/wp\/v2\/product\/75941","targetHints":{"allow":["GET"]}}],"collection":[{"href":"https:\/\/sezona.lv\/en\/wp-json\/wp\/v2\/product"}],"about":[{"href":"https:\/\/sezona.lv\/en\/wp-json\/wp\/v2\/types\/product"}],"wp:featuredmedia":[{"embeddable":true,"href":"https:\/\/sezona.lv\/en\/wp-json\/wp\/v2\/media\/59625"}],"wp:attachment":[{"href":"https:\/\/sezona.lv\/en\/wp-json\/wp\/v2\/media?parent=75941"}],"wp:term":[{"taxonomy":"product_brand","embeddable":true,"href":"https:\/\/sezona.lv\/en\/wp-json\/wp\/v2\/product_brand?post=75941"},{"taxonomy":"product_cat","embeddable":true,"href":"https:\/\/sezona.lv\/en\/wp-json\/wp\/v2\/product_cat?post=75941"},{"taxonomy":"product_tag","embeddable":true,"href":"https:\/\/sezona.lv\/en\/wp-json\/wp\/v2\/product_tag?post=75941"}],"curies":[{"name":"wp","href":"https:\/\/api.w.org\/{rel}","templated":true}]}}