{"id":75942,"date":"2025-07-11T15:35:17","date_gmt":"2025-07-11T12:35:17","guid":{"rendered":"https:\/\/demo8.ecube.lv\/sezona.lv\/products\/spokey-texas\/"},"modified":"2025-07-14T14:43:23","modified_gmt":"2025-07-14T11:43:23","slug":"spokey-texas","status":"publish","type":"product","link":"https:\/\/sezona.lv\/en\/products\/spokey-texas\/","title":{"rendered":"Spokey Texas"},"content":{"rendered":"<ul>\n<li>Iek&scaron;\u0113j\u0101 magn\u0113tisk\u0101&nbsp;slodzes sist\u0113ma<\/li>\n<li>8 slodzes l\u012bme\u0146i, autom\u0101tisk\u0101 piel\u0101go&scaron;an\u0101s pretest\u012bba<\/li>\n<li>Spararats: 6 kg<\/li>\n<li>Pulsa m\u0113r\u012bt\u0101ji uz rokturie<\/li>\n<li>Datora funkcijas: laiks, distance, \u0101trums, kalorijas, pulss, ODO, sken\u0113&scaron;anas<\/li>\n<li>Maksim\u0101lais svars lietot\u0101ju: 120 kg<\/li>\n<li>Pude\u013cu tur\u0113t\u0101js<\/li>\n<li>Transport\u0113&scaron;anas rite\u0146i<\/li>\n<li>Izm\u0113ri: 113x63x157 cm<\/li>\n<\/ul>\n","protected":false},"excerpt":{"rendered":"<p>Iek&scaron;\u0113j\u0101 magn\u0113tisk\u0101&nbsp;slodzes sist\u0113ma 8 slodzes l\u012bme\u0146i, autom\u0101tisk\u0101 piel\u0101go&scaron;an\u0101s pretest\u012bba Spararats: 6 kg Pulsa m\u0113r\u012bt\u0101ji uz rokturie Datora funkcijas: laiks, distance, \u0101trums, kalorijas, pulss, ODO, sken\u0113&scaron;anas Maksim\u0101lais svars lietot\u0101ju: 120 kg Pude\u013cu tur\u0113t\u0101js Transport\u0113&scaron;anas rite\u0146i Izm\u0113ri: 113x63x157 cm<\/p>\n","protected":false},"featured_media":59628,"template":"","meta":[],"product_brand":[],"product_cat":[4588,4590],"product_tag":[],"class_list":{"0":"post-75942","1":"product","2":"type-product","3":"status-publish","4":"has-post-thumbnail","6":"product_cat-trainers-sports","7":"product_cat-elliptical-trainers-trainers-sports","9":"first","10":"instock","11":"shipping-taxable","12":"purchasable","13":"product-type-simple"},"_links":{"self":[{"href":"https:\/\/sezona.lv\/en\/wp-json\/wp\/v2\/product\/75942","targetHints":{"allow":["GET"]}}],"collection":[{"href":"https:\/\/sezona.lv\/en\/wp-json\/wp\/v2\/product"}],"about":[{"href":"https:\/\/sezona.lv\/en\/wp-json\/wp\/v2\/types\/product"}],"wp:featuredmedia":[{"embeddable":true,"href":"https:\/\/sezona.lv\/en\/wp-json\/wp\/v2\/media\/59628"}],"wp:attachment":[{"href":"https:\/\/sezona.lv\/en\/wp-json\/wp\/v2\/media?parent=75942"}],"wp:term":[{"taxonomy":"product_brand","embeddable":true,"href":"https:\/\/sezona.lv\/en\/wp-json\/wp\/v2\/product_brand?post=75942"},{"taxonomy":"product_cat","embeddable":true,"href":"https:\/\/sezona.lv\/en\/wp-json\/wp\/v2\/product_cat?post=75942"},{"taxonomy":"product_tag","embeddable":true,"href":"https:\/\/sezona.lv\/en\/wp-json\/wp\/v2\/product_tag?post=75942"}],"curies":[{"name":"wp","href":"https:\/\/api.w.org\/{rel}","templated":true}]}}