{"id":75943,"date":"2025-07-11T15:35:18","date_gmt":"2025-07-11T12:35:18","guid":{"rendered":"https:\/\/demo8.ecube.lv\/sezona.lv\/products\/spokey-goliat\/"},"modified":"2025-07-14T14:43:24","modified_gmt":"2025-07-14T11:43:24","slug":"spokey-goliat","status":"publish","type":"product","link":"https:\/\/sezona.lv\/en\/products\/spokey-goliat\/","title":{"rendered":"Spokey Goliat"},"content":{"rendered":"<ul>\n<li>Att\u0101lums starp statn\u0113m: 59.5 cm <\/li>\n<li>Statnes regul\u0113jams augstums: 97 &#8211; 121 cm <\/li>\n<li>Dro&scaron;\u012bbas sl\u0113dzis <\/li>\n<li>4 atzveltnes sl\u012bpuma uzst\u0101d\u012bjumi l\u012bdz 45 gr\u0101diem <\/li>\n<li>Maksim\u0101l\u0101 slodze uz rok\u0101m, kr\u016bt\u012bm, pleciem (butterfly): 60 kg <\/li>\n<li>Maksim\u0101l\u0101 slodze ce\u013cu saliek&scaron;anai: 40 kg <\/li>\n<li>Maksim\u0101l\u0101 slodze k\u0101ju izstiep&scaron;anai: 60 kg <\/li>\n<li>Lietot\u0101ja maksim\u0101lais svars: 120 kg <\/li>\n<li>Siksnas maksim\u0101l\u0101 slodze: 120 kg <\/li>\n<li>Izm\u0113ri: 178 x 152 x 204 cm <\/li>\n<li>Atzveltne: 29 x 75 x 20. 5 cm <\/li>\n<li>S\u0113deklis: 36 x 34 x 28 cm <\/li>\n<li>Sola profils: 50 mm&nbsp;<\/li>\n<li>Svars: 43 kg<\/li>\n<\/ul>\n","protected":false},"excerpt":{"rendered":"<p>Att\u0101lums starp statn\u0113m: 59.5 cm Statnes regul\u0113jams augstums: 97 &#8211; 121 cm Dro&scaron;\u012bbas sl\u0113dzis 4 atzveltnes sl\u012bpuma uzst\u0101d\u012bjumi l\u012bdz 45 gr\u0101diem Maksim\u0101l\u0101 slodze uz rok\u0101m, kr\u016bt\u012bm, pleciem (butterfly): 60 kg Maksim\u0101l\u0101 slodze ce\u013cu saliek&scaron;anai: 40 kg Maksim\u0101l\u0101 slodze k\u0101ju izstiep&scaron;anai: 60 kg Lietot\u0101ja maksim\u0101lais svars: 120 kg Siksnas maksim\u0101l\u0101 slodze: 120 kg Izm\u0113ri: 178 x [&hellip;]<\/p>\n","protected":false},"featured_media":59631,"template":"","meta":[],"product_brand":[],"product_cat":[4588,4594],"product_tag":[],"class_list":{"0":"post-75943","1":"product","2":"type-product","3":"status-publish","4":"has-post-thumbnail","6":"product_cat-trainers-sports","7":"product_cat-fitness-bench-trainers-sports","9":"first","10":"instock","11":"shipping-taxable","12":"purchasable","13":"product-type-simple"},"_links":{"self":[{"href":"https:\/\/sezona.lv\/en\/wp-json\/wp\/v2\/product\/75943","targetHints":{"allow":["GET"]}}],"collection":[{"href":"https:\/\/sezona.lv\/en\/wp-json\/wp\/v2\/product"}],"about":[{"href":"https:\/\/sezona.lv\/en\/wp-json\/wp\/v2\/types\/product"}],"wp:featuredmedia":[{"embeddable":true,"href":"https:\/\/sezona.lv\/en\/wp-json\/wp\/v2\/media\/59631"}],"wp:attachment":[{"href":"https:\/\/sezona.lv\/en\/wp-json\/wp\/v2\/media?parent=75943"}],"wp:term":[{"taxonomy":"product_brand","embeddable":true,"href":"https:\/\/sezona.lv\/en\/wp-json\/wp\/v2\/product_brand?post=75943"},{"taxonomy":"product_cat","embeddable":true,"href":"https:\/\/sezona.lv\/en\/wp-json\/wp\/v2\/product_cat?post=75943"},{"taxonomy":"product_tag","embeddable":true,"href":"https:\/\/sezona.lv\/en\/wp-json\/wp\/v2\/product_tag?post=75943"}],"curies":[{"name":"wp","href":"https:\/\/api.w.org\/{rel}","templated":true}]}}