{"id":75944,"date":"2025-07-14T14:43:25","date_gmt":"2025-07-14T11:43:25","guid":{"rendered":"https:\/\/demo8.ecube.lv\/sezona.lv\/products\/marbo-mh-l007\/"},"modified":"2025-07-14T14:43:25","modified_gmt":"2025-07-14T11:43:25","slug":"marbo-mh-l007","status":"publish","type":"product","link":"https:\/\/sezona.lv\/en\/products\/marbo-mh-l007\/","title":{"rendered":"Marbo MH-L007"},"content":{"rendered":"<ul>\n<li>Masa &#8211; 26 kg <\/li>\n<li>Maksim\u0101l\u0101 slodze &#8211; 250 kg <\/li>\n<li>Izm\u0113ri &#8211; 110&#215;130 cm<\/li>\n<\/ul>\n","protected":false},"excerpt":{"rendered":"<p>Masa &#8211; 26 kg Maksim\u0101l\u0101 slodze &#8211; 250 kg Izm\u0113ri &#8211; 110&#215;130 cm<\/p>\n","protected":false},"featured_media":0,"template":"","meta":[],"product_brand":[],"product_cat":[4587,4588,4594],"product_tag":[],"class_list":{"0":"post-75944","1":"product","2":"type-product","3":"status-publish","5":"product_cat-sports","6":"product_cat-trainers-sports","7":"product_cat-fitness-bench-trainers-sports","9":"first","10":"instock","11":"shipping-taxable","12":"purchasable","13":"product-type-simple"},"_links":{"self":[{"href":"https:\/\/sezona.lv\/en\/wp-json\/wp\/v2\/product\/75944","targetHints":{"allow":["GET"]}}],"collection":[{"href":"https:\/\/sezona.lv\/en\/wp-json\/wp\/v2\/product"}],"about":[{"href":"https:\/\/sezona.lv\/en\/wp-json\/wp\/v2\/types\/product"}],"wp:attachment":[{"href":"https:\/\/sezona.lv\/en\/wp-json\/wp\/v2\/media?parent=75944"}],"wp:term":[{"taxonomy":"product_brand","embeddable":true,"href":"https:\/\/sezona.lv\/en\/wp-json\/wp\/v2\/product_brand?post=75944"},{"taxonomy":"product_cat","embeddable":true,"href":"https:\/\/sezona.lv\/en\/wp-json\/wp\/v2\/product_cat?post=75944"},{"taxonomy":"product_tag","embeddable":true,"href":"https:\/\/sezona.lv\/en\/wp-json\/wp\/v2\/product_tag?post=75944"}],"curies":[{"name":"wp","href":"https:\/\/api.w.org\/{rel}","templated":true}]}}