{"id":75961,"date":"2025-07-11T15:35:41","date_gmt":"2025-07-11T12:35:41","guid":{"rendered":"https:\/\/demo8.ecube.lv\/sezona.lv\/products\/ziemas-zabaki-norfin-snow\/"},"modified":"2025-07-14T14:43:39","modified_gmt":"2025-07-14T11:43:39","slug":"ziemas-zabaki-norfin-snow","status":"publish","type":"product","link":"https:\/\/sezona.lv\/en\/products\/ziemas-zabaki-norfin-snow\/","title":{"rendered":"Ziemas z\u0101baki Norfin SNOW"},"content":{"rendered":"<p>Silti un \u0113rti ziemas z\u0101baki mak&scaron;\u0137erniekiem, medniekiem vai akt\u012bvas  atp\u016btas cien\u012bt\u0101jiem. Izgatavoti no iztur\u012bga neilona 900D Oxford.  M\u016bsdien\u012bgs sint\u0113tisk\u0101s termoizol\u0101cijas materi\u0101ls Thinsulate aukst\u0101 laik\u0101  nodro&scaron;ina komfortu k\u0101j\u0101m, k\u0101 ar\u012b z\u0101baku vieglo svaru.<\/p>\n<p>&bull;\tViegli, \u0113rti un silti z\u0101baki aukstam laikam<\/p>\n<p>&bull;\t\u012apa&scaron;u materi\u0101lu un konstrukcijas zole zem\u0101 tempert\u016br\u0101 saglab\u0101 savu  elast\u012bbu, kas l\u012bdz minimumam samazina sl\u012bd\u0113&scaron;anu uz sniega vai ledus.<\/p>\n<p>Izm\u0113ri: 40-46<\/p>\n","protected":false},"excerpt":{"rendered":"<p>Silti un \u0113rti ziemas z\u0101baki mak&scaron;\u0137erniekiem, medniekiem vai akt\u012bvas atp\u016btas cien\u012bt\u0101jiem. Izgatavoti no iztur\u012bga neilona 900D Oxford. M\u016bsdien\u012bgs sint\u0113tisk\u0101s termoizol\u0101cijas materi\u0101ls Thinsulate aukst\u0101 laik\u0101 nodro&scaron;ina komfortu k\u0101j\u0101m, k\u0101 ar\u012b z\u0101baku vieglo svaru. &bull; Viegli, \u0113rti un silti z\u0101baki aukstam laikam &bull; \u012apa&scaron;u materi\u0101lu un konstrukcijas zole zem\u0101 tempert\u016br\u0101 saglab\u0101 savu elast\u012bbu, kas l\u012bdz minimumam samazina [&hellip;]<\/p>\n","protected":false},"featured_media":105880,"template":"","meta":[],"product_brand":[899],"product_cat":[4615],"product_tag":[],"class_list":{"0":"post-75961","1":"product","2":"type-product","3":"status-publish","4":"has-post-thumbnail","6":"product_brand-norfin","7":"product_cat-winter-boots-recreation","9":"first","10":"instock","11":"sale","12":"shipping-taxable","13":"purchasable","14":"product-type-variable"},"_links":{"self":[{"href":"https:\/\/sezona.lv\/en\/wp-json\/wp\/v2\/product\/75961","targetHints":{"allow":["GET"]}}],"collection":[{"href":"https:\/\/sezona.lv\/en\/wp-json\/wp\/v2\/product"}],"about":[{"href":"https:\/\/sezona.lv\/en\/wp-json\/wp\/v2\/types\/product"}],"wp:featuredmedia":[{"embeddable":true,"href":"https:\/\/sezona.lv\/en\/wp-json\/wp\/v2\/media\/105880"}],"wp:attachment":[{"href":"https:\/\/sezona.lv\/en\/wp-json\/wp\/v2\/media?parent=75961"}],"wp:term":[{"taxonomy":"product_brand","embeddable":true,"href":"https:\/\/sezona.lv\/en\/wp-json\/wp\/v2\/product_brand?post=75961"},{"taxonomy":"product_cat","embeddable":true,"href":"https:\/\/sezona.lv\/en\/wp-json\/wp\/v2\/product_cat?post=75961"},{"taxonomy":"product_tag","embeddable":true,"href":"https:\/\/sezona.lv\/en\/wp-json\/wp\/v2\/product_tag?post=75961"}],"curies":[{"name":"wp","href":"https:\/\/api.w.org\/{rel}","templated":true}]}}