{"id":75962,"date":"2025-07-11T15:35:42","date_gmt":"2025-07-11T12:35:42","guid":{"rendered":"https:\/\/demo8.ecube.lv\/sezona.lv\/products\/termovela-norfin-cosy-line-melna\/"},"modified":"2025-07-14T14:43:40","modified_gmt":"2025-07-14T11:43:40","slug":"termovela-norfin-cosy-line-melna","status":"publish","type":"product","link":"https:\/\/sezona.lv\/en\/products\/termovela-norfin-cosy-line-melna\/","title":{"rendered":"Termove\u013ca Norfin COSY LINE Melna"},"content":{"rendered":"<p>Biez\u0101, divda\u013c\u012bg\u0101 termove\u013ca. M\u012bkstais, vieglais un &bdquo;elpojo&scaron;ais&rdquo; materi\u0101ls  nodro&scaron;ina komfortu un siltumu pie zemas gaisa temperat\u016bras. Paredz\u0113ta  vilk&scaron;anai virs pl\u0101n\u0101s termove\u013cas. \u0136ermenis paliek sauss un nesalst.<\/p>\n<ul>\n<li>Materi\u0101ls &ndash; Poliesters<\/li>\n<li>Kapuce stiprin\u0101ma ar pog\u0101m<\/li>\n<li>Savelkama kapuce ar fiksatoru<\/li>\n<li>Iztur\u012bgs r\u0101v\u0113jsl\u0113dz\u0113js<\/li>\n<li>Elast\u012bga jostas vieta<\/li>\n<li>Elast\u012bgas man\u017eetes piedurkn\u0113m un bik&scaron;u lejas da\u013cai<\/li>\n<\/ul>\n<p>Materi\u0101ls: <strong>POLIESTERS<\/strong><\/p>\n","protected":false},"excerpt":{"rendered":"<p>Biez\u0101, divda\u013c\u012bg\u0101 termove\u013ca. M\u012bkstais, vieglais un &bdquo;elpojo&scaron;ais&rdquo; materi\u0101ls nodro&scaron;ina komfortu un siltumu pie zemas gaisa temperat\u016bras. Paredz\u0113ta vilk&scaron;anai virs pl\u0101n\u0101s termove\u013cas. \u0136ermenis paliek sauss un nesalst. Materi\u0101ls &ndash; Poliesters Kapuce stiprin\u0101ma ar pog\u0101m Savelkama kapuce ar fiksatoru Iztur\u012bgs r\u0101v\u0113jsl\u0113dz\u0113js Elast\u012bga jostas vieta Elast\u012bgas man\u017eetes piedurkn\u0113m un bik&scaron;u lejas da\u013cai Materi\u0101ls: POLIESTERS<\/p>\n","protected":false},"featured_media":0,"template":"","meta":[],"product_brand":[899],"product_cat":[4619,4621,4985],"product_tag":[],"class_list":{"0":"post-75962","1":"product","2":"type-product","3":"status-publish","5":"product_brand-norfin","6":"product_cat-winter-clothes-recreation","7":"product_cat-thermal-underwear-winter-clothes-recreation","8":"product_cat-norfin-thermal-underwear-thermal-underwear-winter-clothes-recreation","10":"first","11":"instock","12":"shipping-taxable","13":"purchasable","14":"product-type-simple"},"_links":{"self":[{"href":"https:\/\/sezona.lv\/en\/wp-json\/wp\/v2\/product\/75962","targetHints":{"allow":["GET"]}}],"collection":[{"href":"https:\/\/sezona.lv\/en\/wp-json\/wp\/v2\/product"}],"about":[{"href":"https:\/\/sezona.lv\/en\/wp-json\/wp\/v2\/types\/product"}],"wp:attachment":[{"href":"https:\/\/sezona.lv\/en\/wp-json\/wp\/v2\/media?parent=75962"}],"wp:term":[{"taxonomy":"product_brand","embeddable":true,"href":"https:\/\/sezona.lv\/en\/wp-json\/wp\/v2\/product_brand?post=75962"},{"taxonomy":"product_cat","embeddable":true,"href":"https:\/\/sezona.lv\/en\/wp-json\/wp\/v2\/product_cat?post=75962"},{"taxonomy":"product_tag","embeddable":true,"href":"https:\/\/sezona.lv\/en\/wp-json\/wp\/v2\/product_tag?post=75962"}],"curies":[{"name":"wp","href":"https:\/\/api.w.org\/{rel}","templated":true}]}}