{"id":75964,"date":"2025-07-14T14:43:42","date_gmt":"2025-07-14T11:43:42","guid":{"rendered":"https:\/\/demo8.ecube.lv\/sezona.lv\/products\/atala-cfit-320-ergo\/"},"modified":"2025-07-14T14:43:42","modified_gmt":"2025-07-14T11:43:42","slug":"atala-cfit-320-ergo","status":"publish","type":"product","link":"https:\/\/sezona.lv\/en\/products\/atala-cfit-320-ergo\/","title":{"rendered":"Atala Cfit 320 Ergo"},"content":{"rendered":"<ul>\n<li>\n<div class=\"row\">\n<div class=\"second\">Displejs -LCD<\/div>\n<\/div>\n<\/li>\n<li>\n<div class=\"row\">\n<div class=\"second\">Displej\u0101 r\u0101d\u012btie parametri -laiks, \u0101trums, att\u0101lums, kalorijas, pulss, pulkstenis&nbsp;<\/div>\n<\/div>\n<\/li>\n<li>\n<div class=\"row\">\n<div class=\"second\">Bremz\u0113&scaron;anas sist\u0113ma                -magn\u0113tisk\u0101<\/div>\n<\/div>\n<\/li>\n<li>\n<div class=\"row\">\n<div class=\"second\">Inerces masa -8 kg&nbsp;<\/div>\n<\/div>\n<\/li>\n<li>\n<div class=\"row\">\n<div class=\"second\">Lietot\u0101ja maksim\u0101lais svars -130 kg&nbsp;<\/div>\n<\/div>\n<\/li>\n<li>\n<div class=\"row\">\n<div class=\"second\">Izm\u0113ri &#8211; 51x 79 x 132 cm<\/div>\n<\/div>\n<\/li>\n<\/ul>\n","protected":false},"excerpt":{"rendered":"<p>Displejs -LCD Displej\u0101 r\u0101d\u012btie parametri -laiks, \u0101trums, att\u0101lums, kalorijas, pulss, pulkstenis&nbsp; Bremz\u0113&scaron;anas sist\u0113ma -magn\u0113tisk\u0101 Inerces masa -8 kg&nbsp; Lietot\u0101ja maksim\u0101lais svars -130 kg&nbsp; Izm\u0113ri &#8211; 51x 79 x 132 cm<\/p>\n","protected":false},"featured_media":0,"template":"","meta":[],"product_brand":[],"product_cat":[4587,4588,4589],"product_tag":[],"class_list":{"0":"post-75964","1":"product","2":"type-product","3":"status-publish","5":"product_cat-sports","6":"product_cat-trainers-sports","7":"product_cat-bicycle-trainers-trainers-sports","9":"first","10":"instock","11":"shipping-taxable","12":"purchasable","13":"product-type-simple"},"_links":{"self":[{"href":"https:\/\/sezona.lv\/en\/wp-json\/wp\/v2\/product\/75964","targetHints":{"allow":["GET"]}}],"collection":[{"href":"https:\/\/sezona.lv\/en\/wp-json\/wp\/v2\/product"}],"about":[{"href":"https:\/\/sezona.lv\/en\/wp-json\/wp\/v2\/types\/product"}],"wp:attachment":[{"href":"https:\/\/sezona.lv\/en\/wp-json\/wp\/v2\/media?parent=75964"}],"wp:term":[{"taxonomy":"product_brand","embeddable":true,"href":"https:\/\/sezona.lv\/en\/wp-json\/wp\/v2\/product_brand?post=75964"},{"taxonomy":"product_cat","embeddable":true,"href":"https:\/\/sezona.lv\/en\/wp-json\/wp\/v2\/product_cat?post=75964"},{"taxonomy":"product_tag","embeddable":true,"href":"https:\/\/sezona.lv\/en\/wp-json\/wp\/v2\/product_tag?post=75964"}],"curies":[{"name":"wp","href":"https:\/\/api.w.org\/{rel}","templated":true}]}}