{"id":75965,"date":"2025-07-14T14:43:43","date_gmt":"2025-07-14T11:43:43","guid":{"rendered":"https:\/\/demo8.ecube.lv\/sezona.lv\/products\/atala-cfit-320\/"},"modified":"2025-07-14T14:43:43","modified_gmt":"2025-07-14T11:43:43","slug":"atala-cfit-320","status":"publish","type":"product","link":"https:\/\/sezona.lv\/en\/products\/atala-cfit-320\/","title":{"rendered":"Atala Cfit 320"},"content":{"rendered":"<ul>\n<li>Magn\u0113tiskais velotrena\u017eieris ar datora vad\u012bbu <\/li>\n<li>8 slodzes l\u012bme\u0146i <\/li>\n<li>25-250 W veloergometrs <\/li>\n<li>Izm\u0113ri &#8211; 51 x 79 x 132 cm&nbsp;<\/li>\n<li>Spararata masa &#8211; 8 kg <\/li>\n<li>Maks. lietot\u0101ja svars &#8211; 130 kg <\/li>\n<li>Dators &#8211; LCD displejs ar apgaismojumu 82&#215;44 mm <\/li>\n<li>Datora r\u0101d\u012bjumi &#8211; \u0100trums, apgr\/min, laiks, att\u0101lums, pulss, kalorijas, W, temperat\u016bra, datums, laiks<\/li>\n<li>Pulsa dev\u0113ji uz rokturiem<\/li>\n<\/ul>\n","protected":false},"excerpt":{"rendered":"<p>Magn\u0113tiskais velotrena\u017eieris ar datora vad\u012bbu 8 slodzes l\u012bme\u0146i 25-250 W veloergometrs Izm\u0113ri &#8211; 51 x 79 x 132 cm&nbsp; Spararata masa &#8211; 8 kg Maks. lietot\u0101ja svars &#8211; 130 kg Dators &#8211; LCD displejs ar apgaismojumu 82&#215;44 mm Datora r\u0101d\u012bjumi &#8211; \u0100trums, apgr\/min, laiks, att\u0101lums, pulss, kalorijas, W, temperat\u016bra, datums, laiks Pulsa dev\u0113ji uz rokturiem<\/p>\n","protected":false},"featured_media":0,"template":"","meta":[],"product_brand":[],"product_cat":[4587,4588,4589],"product_tag":[],"class_list":{"0":"post-75965","1":"product","2":"type-product","3":"status-publish","5":"product_cat-sports","6":"product_cat-trainers-sports","7":"product_cat-bicycle-trainers-trainers-sports","9":"first","10":"instock","11":"shipping-taxable","12":"purchasable","13":"product-type-simple"},"_links":{"self":[{"href":"https:\/\/sezona.lv\/en\/wp-json\/wp\/v2\/product\/75965","targetHints":{"allow":["GET"]}}],"collection":[{"href":"https:\/\/sezona.lv\/en\/wp-json\/wp\/v2\/product"}],"about":[{"href":"https:\/\/sezona.lv\/en\/wp-json\/wp\/v2\/types\/product"}],"wp:attachment":[{"href":"https:\/\/sezona.lv\/en\/wp-json\/wp\/v2\/media?parent=75965"}],"wp:term":[{"taxonomy":"product_brand","embeddable":true,"href":"https:\/\/sezona.lv\/en\/wp-json\/wp\/v2\/product_brand?post=75965"},{"taxonomy":"product_cat","embeddable":true,"href":"https:\/\/sezona.lv\/en\/wp-json\/wp\/v2\/product_cat?post=75965"},{"taxonomy":"product_tag","embeddable":true,"href":"https:\/\/sezona.lv\/en\/wp-json\/wp\/v2\/product_tag?post=75965"}],"curies":[{"name":"wp","href":"https:\/\/api.w.org\/{rel}","templated":true}]}}