{"id":75966,"date":"2025-07-14T14:43:43","date_gmt":"2025-07-14T11:43:43","guid":{"rendered":"https:\/\/demo8.ecube.lv\/sezona.lv\/products\/atala-cfit-110\/"},"modified":"2025-07-14T14:43:43","modified_gmt":"2025-07-14T11:43:43","slug":"atala-cfit-110","status":"publish","type":"product","link":"https:\/\/sezona.lv\/en\/products\/atala-cfit-110\/","title":{"rendered":"Atala Cfit 110"},"content":{"rendered":"<ul>\n<li>Displejs &#8211; LCD <\/li>\n<li>Displej\u0101 r\u0101d\u012btie parametri &#8211; laiks, att\u0101lums, \u0101trums, kalorijas, pulss, pulkstenis <\/li>\n<li>Bremzesanas sist\u0113ma &#8211; magn\u0113tisk\u0101 <\/li>\n<li>Inerces masa &#8211; 6 kg <\/li>\n<li>Lietot\u0101ja maksim\u0101lais svars &#8211; 100 kg <\/li>\n<li>Izm\u0113ri &#8211; 95 x 55 x 141 cm<\/li>\n<\/ul>\n<ul>\n<\/ul>\n","protected":false},"excerpt":{"rendered":"<p>Displejs &#8211; LCD Displej\u0101 r\u0101d\u012btie parametri &#8211; laiks, att\u0101lums, \u0101trums, kalorijas, pulss, pulkstenis Bremzesanas sist\u0113ma &#8211; magn\u0113tisk\u0101 Inerces masa &#8211; 6 kg Lietot\u0101ja maksim\u0101lais svars &#8211; 100 kg Izm\u0113ri &#8211; 95 x 55 x 141 cm<\/p>\n","protected":false},"featured_media":0,"template":"","meta":[],"product_brand":[],"product_cat":[4587,4588,4589],"product_tag":[],"class_list":{"0":"post-75966","1":"product","2":"type-product","3":"status-publish","5":"product_cat-sports","6":"product_cat-trainers-sports","7":"product_cat-bicycle-trainers-trainers-sports","9":"first","10":"instock","11":"shipping-taxable","12":"purchasable","13":"product-type-simple"},"_links":{"self":[{"href":"https:\/\/sezona.lv\/en\/wp-json\/wp\/v2\/product\/75966","targetHints":{"allow":["GET"]}}],"collection":[{"href":"https:\/\/sezona.lv\/en\/wp-json\/wp\/v2\/product"}],"about":[{"href":"https:\/\/sezona.lv\/en\/wp-json\/wp\/v2\/types\/product"}],"wp:attachment":[{"href":"https:\/\/sezona.lv\/en\/wp-json\/wp\/v2\/media?parent=75966"}],"wp:term":[{"taxonomy":"product_brand","embeddable":true,"href":"https:\/\/sezona.lv\/en\/wp-json\/wp\/v2\/product_brand?post=75966"},{"taxonomy":"product_cat","embeddable":true,"href":"https:\/\/sezona.lv\/en\/wp-json\/wp\/v2\/product_cat?post=75966"},{"taxonomy":"product_tag","embeddable":true,"href":"https:\/\/sezona.lv\/en\/wp-json\/wp\/v2\/product_tag?post=75966"}],"curies":[{"name":"wp","href":"https:\/\/api.w.org\/{rel}","templated":true}]}}