{"id":75967,"date":"2025-07-14T14:43:44","date_gmt":"2025-07-14T11:43:44","guid":{"rendered":"https:\/\/demo8.ecube.lv\/sezona.lv\/products\/atala-easy-bike-5\/"},"modified":"2025-07-14T14:43:44","modified_gmt":"2025-07-14T11:43:44","slug":"atala-easy-bike-5","status":"publish","type":"product","link":"https:\/\/sezona.lv\/en\/products\/atala-easy-bike-5\/","title":{"rendered":"Atala EASY BIKE 5"},"content":{"rendered":"<ul>\n<li>Displejs &#8211; LCD <\/li>\n<li>Displej\u0101 r\u0101d\u012btie parametri &#8211; laiks, att\u0101lums, \u0101trums, kalorijas, pulss, pulkstenis <\/li>\n<li>Bremz\u0113&scaron;anas sist\u0113ma &#8211; magn\u0113tisk\u0101<\/li>\n<li>Lietot\u0101ja maksim\u0101lais svars &#8211; 110 kg <\/li>\n<li>Izm\u0113ri &#8211; 86 x 57 x 129 cm<\/li>\n<\/ul>\n<ul>\n<\/ul>\n","protected":false},"excerpt":{"rendered":"<p>Displejs &#8211; LCD Displej\u0101 r\u0101d\u012btie parametri &#8211; laiks, att\u0101lums, \u0101trums, kalorijas, pulss, pulkstenis Bremz\u0113&scaron;anas sist\u0113ma &#8211; magn\u0113tisk\u0101 Lietot\u0101ja maksim\u0101lais svars &#8211; 110 kg Izm\u0113ri &#8211; 86 x 57 x 129 cm<\/p>\n","protected":false},"featured_media":0,"template":"","meta":[],"product_brand":[],"product_cat":[4587,4588,4589],"product_tag":[],"class_list":{"0":"post-75967","1":"product","2":"type-product","3":"status-publish","5":"product_cat-sports","6":"product_cat-trainers-sports","7":"product_cat-bicycle-trainers-trainers-sports","9":"first","10":"instock","11":"shipping-taxable","12":"purchasable","13":"product-type-simple"},"_links":{"self":[{"href":"https:\/\/sezona.lv\/en\/wp-json\/wp\/v2\/product\/75967","targetHints":{"allow":["GET"]}}],"collection":[{"href":"https:\/\/sezona.lv\/en\/wp-json\/wp\/v2\/product"}],"about":[{"href":"https:\/\/sezona.lv\/en\/wp-json\/wp\/v2\/types\/product"}],"wp:attachment":[{"href":"https:\/\/sezona.lv\/en\/wp-json\/wp\/v2\/media?parent=75967"}],"wp:term":[{"taxonomy":"product_brand","embeddable":true,"href":"https:\/\/sezona.lv\/en\/wp-json\/wp\/v2\/product_brand?post=75967"},{"taxonomy":"product_cat","embeddable":true,"href":"https:\/\/sezona.lv\/en\/wp-json\/wp\/v2\/product_cat?post=75967"},{"taxonomy":"product_tag","embeddable":true,"href":"https:\/\/sezona.lv\/en\/wp-json\/wp\/v2\/product_tag?post=75967"}],"curies":[{"name":"wp","href":"https:\/\/api.w.org\/{rel}","templated":true}]}}