{"id":75972,"date":"2025-07-14T14:43:48","date_gmt":"2025-07-14T11:43:48","guid":{"rendered":"https:\/\/demo8.ecube.lv\/sezona.lv\/products\/atala-slimfit-1590-power\/"},"modified":"2025-07-14T14:43:48","modified_gmt":"2025-07-14T11:43:48","slug":"atala-slimfit-1590-power","status":"publish","type":"product","link":"https:\/\/sezona.lv\/en\/products\/atala-slimfit-1590-power\/","title":{"rendered":"Atala SlimFit 1590 Power"},"content":{"rendered":"<ul>\n<li>Displejs &#8211; LCD <\/li>\n<li>Sl\u012bpuma poz\u012bcijas &#8211; 4 <\/li>\n<li>Dzin\u0113ja klase &#8211; DC <\/li>\n<li>Jauda &#8211; 1,5 HP &#8211; turdan <\/li>\n<li>\u0100trums &#8211; no 1 l\u012bdz 13 km\/h <\/li>\n<li>Lietot\u0101ja maksim\u0101lais svars &#8211; 100 kg <\/li>\n<li>Izm\u0113ri &#8211; 147x68x132 cm<\/li>\n<li>Skr\u0113jlente &#8211; 40&#215;122 cm <\/li>\n<\/ul>\n<ul>\n<\/ul>\n<ul>\n<\/ul>\n<ul>\n<\/ul>\n<ul>\n<\/ul>\n<ul>\n<\/ul>\n","protected":false},"excerpt":{"rendered":"<p>Displejs &#8211; LCD Sl\u012bpuma poz\u012bcijas &#8211; 4 Dzin\u0113ja klase &#8211; DC Jauda &#8211; 1,5 HP &#8211; turdan \u0100trums &#8211; no 1 l\u012bdz 13 km\/h Lietot\u0101ja maksim\u0101lais svars &#8211; 100 kg Izm\u0113ri &#8211; 147x68x132 cm Skr\u0113jlente &#8211; 40&#215;122 cm<\/p>\n","protected":false},"featured_media":0,"template":"","meta":[],"product_brand":[],"product_cat":[4587,4588,4591],"product_tag":[],"class_list":{"0":"post-75972","1":"product","2":"type-product","3":"status-publish","5":"product_cat-sports","6":"product_cat-trainers-sports","7":"product_cat-runways-trainers-sports","9":"first","10":"instock","11":"shipping-taxable","12":"purchasable","13":"product-type-simple"},"_links":{"self":[{"href":"https:\/\/sezona.lv\/en\/wp-json\/wp\/v2\/product\/75972","targetHints":{"allow":["GET"]}}],"collection":[{"href":"https:\/\/sezona.lv\/en\/wp-json\/wp\/v2\/product"}],"about":[{"href":"https:\/\/sezona.lv\/en\/wp-json\/wp\/v2\/types\/product"}],"wp:attachment":[{"href":"https:\/\/sezona.lv\/en\/wp-json\/wp\/v2\/media?parent=75972"}],"wp:term":[{"taxonomy":"product_brand","embeddable":true,"href":"https:\/\/sezona.lv\/en\/wp-json\/wp\/v2\/product_brand?post=75972"},{"taxonomy":"product_cat","embeddable":true,"href":"https:\/\/sezona.lv\/en\/wp-json\/wp\/v2\/product_cat?post=75972"},{"taxonomy":"product_tag","embeddable":true,"href":"https:\/\/sezona.lv\/en\/wp-json\/wp\/v2\/product_tag?post=75972"}],"curies":[{"name":"wp","href":"https:\/\/api.w.org\/{rel}","templated":true}]}}