{"id":75975,"date":"2025-07-14T14:43:50","date_gmt":"2025-07-14T11:43:50","guid":{"rendered":"https:\/\/demo8.ecube.lv\/sezona.lv\/products\/atala-easyfit-650-power\/"},"modified":"2025-07-14T14:43:50","modified_gmt":"2025-07-14T11:43:50","slug":"atala-easyfit-650-power","status":"publish","type":"product","link":"https:\/\/sezona.lv\/en\/products\/atala-easyfit-650-power\/","title":{"rendered":"Atala EASYFIT 650 POWER"},"content":{"rendered":"<ul>\n<li>\u0100trums: 1-16 km\/h <\/li>\n<li>Motora jauda: 1.75 zs. <\/li>\n<li>Maks. lietot\u0101ja svars: 95 kg <\/li>\n<li>Izm\u0113ri: 162x71x130 cm <\/li>\n<li>Izm\u0113ri salikt\u0101 veid\u0101: 102x71x89 cm <\/li>\n<li>Skrejlenta: 40 x 120 cm <\/li>\n<li>Lentas tips: 1.5mm <\/li>\n<li>Ru\u013c\u013ca diametrs: 1.8&#8221; <\/li>\n<li>Ieb\u016bv\u0113t\u0101s treni\u0146a programmas 25 <\/li>\n<li>Rokas uzst\u0101d\u012b&scaron;anas programmas 16 <\/li>\n<li>10 sl\u012bpuma uzst\u0101d\u012bjumi <\/li>\n<li>Pulsa dev\u0113ji uz rokturiem&nbsp;<\/li>\n<li>LCD displejs &#8211; 65&#215;116 mm<\/li>\n<\/ul>\n<ul>\n<\/ul>\n<ul>\n<\/ul>\n<ul>\n<\/ul>\n<ul>\n<\/ul>\n<ul>\n<\/ul>\n<ul>\n<\/ul>\n<ul>\n<\/ul>\n","protected":false},"excerpt":{"rendered":"<p>\u0100trums: 1-16 km\/h Motora jauda: 1.75 zs. Maks. lietot\u0101ja svars: 95 kg Izm\u0113ri: 162x71x130 cm Izm\u0113ri salikt\u0101 veid\u0101: 102x71x89 cm Skrejlenta: 40 x 120 cm Lentas tips: 1.5mm Ru\u013c\u013ca diametrs: 1.8&#8221; Ieb\u016bv\u0113t\u0101s treni\u0146a programmas 25 Rokas uzst\u0101d\u012b&scaron;anas programmas 16 10 sl\u012bpuma uzst\u0101d\u012bjumi Pulsa dev\u0113ji uz rokturiem&nbsp; LCD displejs &#8211; 65&#215;116 mm<\/p>\n","protected":false},"featured_media":0,"template":"","meta":[],"product_brand":[],"product_cat":[4587,4588,4591],"product_tag":[],"class_list":{"0":"post-75975","1":"product","2":"type-product","3":"status-publish","5":"product_cat-sports","6":"product_cat-trainers-sports","7":"product_cat-runways-trainers-sports","9":"first","10":"instock","11":"shipping-taxable","12":"purchasable","13":"product-type-simple"},"_links":{"self":[{"href":"https:\/\/sezona.lv\/en\/wp-json\/wp\/v2\/product\/75975","targetHints":{"allow":["GET"]}}],"collection":[{"href":"https:\/\/sezona.lv\/en\/wp-json\/wp\/v2\/product"}],"about":[{"href":"https:\/\/sezona.lv\/en\/wp-json\/wp\/v2\/types\/product"}],"wp:attachment":[{"href":"https:\/\/sezona.lv\/en\/wp-json\/wp\/v2\/media?parent=75975"}],"wp:term":[{"taxonomy":"product_brand","embeddable":true,"href":"https:\/\/sezona.lv\/en\/wp-json\/wp\/v2\/product_brand?post=75975"},{"taxonomy":"product_cat","embeddable":true,"href":"https:\/\/sezona.lv\/en\/wp-json\/wp\/v2\/product_cat?post=75975"},{"taxonomy":"product_tag","embeddable":true,"href":"https:\/\/sezona.lv\/en\/wp-json\/wp\/v2\/product_tag?post=75975"}],"curies":[{"name":"wp","href":"https:\/\/api.w.org\/{rel}","templated":true}]}}