{"id":75976,"date":"2025-07-14T14:43:51","date_gmt":"2025-07-14T11:43:51","guid":{"rendered":"https:\/\/demo8.ecube.lv\/sezona.lv\/products\/atala-panca-addominali-2\/"},"modified":"2025-07-14T14:43:51","modified_gmt":"2025-07-14T11:43:51","slug":"atala-panca-addominali-2","status":"publish","type":"product","link":"https:\/\/sezona.lv\/en\/products\/atala-panca-addominali-2\/","title":{"rendered":"Atala Panca Addominali 2"},"content":{"rendered":"<ul>\n<li>Sl\u012bpums &#8211; 4 regul\u0113jamas poz\u012bcijas <\/li>\n<li>\n<div class=\"second\">Izm\u0113ri -130 x 34 x 70 cm<\/div>\n<\/li>\n<\/ul>\n<ul>\n<\/ul>\n<ul>\n<\/ul>\n<ul>\n<\/ul>\n<ul>\n<\/ul>\n<ul>\n<\/ul>\n<ul>\n<\/ul>\n<ul>\n<\/ul>\n<ul>\n<\/ul>\n","protected":false},"excerpt":{"rendered":"<p>Sl\u012bpums &#8211; 4 regul\u0113jamas poz\u012bcijas Izm\u0113ri -130 x 34 x 70 cm<\/p>\n","protected":false},"featured_media":0,"template":"","meta":[],"product_brand":[],"product_cat":[4587,4588,4594],"product_tag":[],"class_list":{"0":"post-75976","1":"product","2":"type-product","3":"status-publish","5":"product_cat-sports","6":"product_cat-trainers-sports","7":"product_cat-fitness-bench-trainers-sports","9":"first","10":"instock","11":"shipping-taxable","12":"purchasable","13":"product-type-simple"},"_links":{"self":[{"href":"https:\/\/sezona.lv\/en\/wp-json\/wp\/v2\/product\/75976","targetHints":{"allow":["GET"]}}],"collection":[{"href":"https:\/\/sezona.lv\/en\/wp-json\/wp\/v2\/product"}],"about":[{"href":"https:\/\/sezona.lv\/en\/wp-json\/wp\/v2\/types\/product"}],"wp:attachment":[{"href":"https:\/\/sezona.lv\/en\/wp-json\/wp\/v2\/media?parent=75976"}],"wp:term":[{"taxonomy":"product_brand","embeddable":true,"href":"https:\/\/sezona.lv\/en\/wp-json\/wp\/v2\/product_brand?post=75976"},{"taxonomy":"product_cat","embeddable":true,"href":"https:\/\/sezona.lv\/en\/wp-json\/wp\/v2\/product_cat?post=75976"},{"taxonomy":"product_tag","embeddable":true,"href":"https:\/\/sezona.lv\/en\/wp-json\/wp\/v2\/product_tag?post=75976"}],"curies":[{"name":"wp","href":"https:\/\/api.w.org\/{rel}","templated":true}]}}