{"id":75977,"date":"2025-07-11T15:36:01","date_gmt":"2025-07-11T12:36:01","guid":{"rendered":"https:\/\/demo8.ecube.lv\/sezona.lv\/products\/suunto-foot-pod-mini\/"},"modified":"2025-07-14T14:43:52","modified_gmt":"2025-07-14T11:43:52","slug":"suunto-foot-pod-mini","status":"publish","type":"product","link":"https:\/\/sezona.lv\/en\/products\/suunto-foot-pod-mini\/","title":{"rendered":"SUUNTO FOOT POD MINI"},"content":{"rendered":"<ul>\n<li>K\u0101ju adapteris <\/li>\n<li>Savienojams ar T3, T4, T6, M5 mode\u013ciem <\/li>\n<li>R\u0101da \u0101trumu, distanci, so\u013ca garumu, ap\u013ca laiku <\/li>\n<li>Svars &#8211; 27 g (0.97 bez baterijas) <\/li>\n<li>Baterijas darb\u012bbas laiks &#8211; 200 h&nbsp;<\/li>\n<li>\u016adensnecaurlaid\u012bgs &#8211; l\u012bdz 30 m <\/li>\n<\/ul>\n","protected":false},"excerpt":{"rendered":"<p>K\u0101ju adapteris Savienojams ar T3, T4, T6, M5 mode\u013ciem R\u0101da \u0101trumu, distanci, so\u013ca garumu, ap\u013ca laiku Svars &#8211; 27 g (0.97 bez baterijas) Baterijas darb\u012bbas laiks &#8211; 200 h&nbsp; \u016adensnecaurlaid\u012bgs &#8211; l\u012bdz 30 m<\/p>\n","protected":false},"featured_media":59736,"template":"","meta":[],"product_brand":[905],"product_cat":[4622,4627],"product_tag":[],"class_list":{"0":"post-75977","1":"product","2":"type-product","3":"status-publish","4":"has-post-thumbnail","6":"product_brand-suunto","7":"product_cat-watches-heart-rate-monitors-navigation-watches-radios","8":"product_cat-watch-accessories-watches-heart-rate-monitors-navigation-watches-radios","10":"first","11":"instock","12":"shipping-taxable","13":"purchasable","14":"product-type-simple"},"_links":{"self":[{"href":"https:\/\/sezona.lv\/en\/wp-json\/wp\/v2\/product\/75977","targetHints":{"allow":["GET"]}}],"collection":[{"href":"https:\/\/sezona.lv\/en\/wp-json\/wp\/v2\/product"}],"about":[{"href":"https:\/\/sezona.lv\/en\/wp-json\/wp\/v2\/types\/product"}],"wp:featuredmedia":[{"embeddable":true,"href":"https:\/\/sezona.lv\/en\/wp-json\/wp\/v2\/media\/59736"}],"wp:attachment":[{"href":"https:\/\/sezona.lv\/en\/wp-json\/wp\/v2\/media?parent=75977"}],"wp:term":[{"taxonomy":"product_brand","embeddable":true,"href":"https:\/\/sezona.lv\/en\/wp-json\/wp\/v2\/product_brand?post=75977"},{"taxonomy":"product_cat","embeddable":true,"href":"https:\/\/sezona.lv\/en\/wp-json\/wp\/v2\/product_cat?post=75977"},{"taxonomy":"product_tag","embeddable":true,"href":"https:\/\/sezona.lv\/en\/wp-json\/wp\/v2\/product_tag?post=75977"}],"curies":[{"name":"wp","href":"https:\/\/api.w.org\/{rel}","templated":true}]}}