{"id":75978,"date":"2025-07-11T15:36:02","date_gmt":"2025-07-11T12:36:02","guid":{"rendered":"https:\/\/demo8.ecube.lv\/sezona.lv\/products\/suunto-dual-comfort-belt\/"},"modified":"2025-07-14T14:43:53","modified_gmt":"2025-07-14T11:43:53","slug":"suunto-dual-comfort-belt","status":"publish","type":"product","link":"https:\/\/sezona.lv\/en\/products\/suunto-dual-comfort-belt\/","title":{"rendered":"SUUNTO DUAL COMFORT BELT"},"content":{"rendered":"<ul>\n<\/ul>\n<ul>\n<\/ul>\n<p>&nbsp;&nbsp; Sunnto Dual Belt &ndash; \u0113rtas sirds ritma jostas, kas \u012bpa&scaron;i piem\u0113rotas  fitnesa z\u0101les apmekl\u0113jumam un ir savietojamas ar liel\u0101ko da\u013cu  kardiokontroles iek\u0101rt\u0101m, tai skait\u0101, ar\u012b ar Suunto pulsometriem.<\/p>\n<ul>\n<\/ul>\n<ul>\n<\/ul>\n","protected":false},"excerpt":{"rendered":"<p>&nbsp;&nbsp; Sunnto Dual Belt &ndash; \u0113rtas sirds ritma jostas, kas \u012bpa&scaron;i piem\u0113rotas fitnesa z\u0101les apmekl\u0113jumam un ir savietojamas ar liel\u0101ko da\u013cu kardiokontroles iek\u0101rt\u0101m, tai skait\u0101, ar\u012b ar Suunto pulsometriem.<\/p>\n","protected":false},"featured_media":59739,"template":"","meta":[],"product_brand":[905],"product_cat":[4622,4627],"product_tag":[],"class_list":{"0":"post-75978","1":"product","2":"type-product","3":"status-publish","4":"has-post-thumbnail","6":"product_brand-suunto","7":"product_cat-watches-heart-rate-monitors-navigation-watches-radios","8":"product_cat-watch-accessories-watches-heart-rate-monitors-navigation-watches-radios","10":"first","11":"instock","12":"shipping-taxable","13":"purchasable","14":"product-type-simple"},"_links":{"self":[{"href":"https:\/\/sezona.lv\/en\/wp-json\/wp\/v2\/product\/75978","targetHints":{"allow":["GET"]}}],"collection":[{"href":"https:\/\/sezona.lv\/en\/wp-json\/wp\/v2\/product"}],"about":[{"href":"https:\/\/sezona.lv\/en\/wp-json\/wp\/v2\/types\/product"}],"wp:featuredmedia":[{"embeddable":true,"href":"https:\/\/sezona.lv\/en\/wp-json\/wp\/v2\/media\/59739"}],"wp:attachment":[{"href":"https:\/\/sezona.lv\/en\/wp-json\/wp\/v2\/media?parent=75978"}],"wp:term":[{"taxonomy":"product_brand","embeddable":true,"href":"https:\/\/sezona.lv\/en\/wp-json\/wp\/v2\/product_brand?post=75978"},{"taxonomy":"product_cat","embeddable":true,"href":"https:\/\/sezona.lv\/en\/wp-json\/wp\/v2\/product_cat?post=75978"},{"taxonomy":"product_tag","embeddable":true,"href":"https:\/\/sezona.lv\/en\/wp-json\/wp\/v2\/product_tag?post=75978"}],"curies":[{"name":"wp","href":"https:\/\/api.w.org\/{rel}","templated":true}]}}