{"id":75980,"date":"2025-07-11T15:36:06","date_gmt":"2025-07-11T12:36:06","guid":{"rendered":"https:\/\/demo8.ecube.lv\/sezona.lv\/products\/suunto-m-series-m5-strap-cross-pattern-female\/"},"modified":"2025-07-14T14:43:55","modified_gmt":"2025-07-14T11:43:55","slug":"suunto-m-series-m5-strap-cross-pattern-female","status":"publish","type":"product","link":"https:\/\/sezona.lv\/en\/products\/suunto-m-series-m5-strap-cross-pattern-female\/","title":{"rendered":"SUUNTO M-SERIES M5 STRAP CROSS PATTERN FEMALE"},"content":{"rendered":"<ul>\n<\/ul>\n<ul>\n<\/ul>\n<ul>\n<\/ul>\n<ul>\n<\/ul>\n<p>Siksni\u0146a ir izgatavota no elastom\u0113ra. Siksni\u0146a ir piem\u0113rota sekojo&scaron;iem Suunto M-Series pulsometriem:<br \/> M5 Black\/Gold, M5 Black\/Silver, M4 Black\/Pink, M4 Black\/Turquise, M2 Fuchsia.<\/p>\n","protected":false},"excerpt":{"rendered":"<p>Siksni\u0146a ir izgatavota no elastom\u0113ra. Siksni\u0146a ir piem\u0113rota sekojo&scaron;iem Suunto M-Series pulsometriem: M5 Black\/Gold, M5 Black\/Silver, M4 Black\/Pink, M4 Black\/Turquise, M2 Fuchsia.<\/p>\n","protected":false},"featured_media":59745,"template":"","meta":[],"product_brand":[905],"product_cat":[4622,4627],"product_tag":[],"class_list":{"0":"post-75980","1":"product","2":"type-product","3":"status-publish","4":"has-post-thumbnail","6":"product_brand-suunto","7":"product_cat-watches-heart-rate-monitors-navigation-watches-radios","8":"product_cat-watch-accessories-watches-heart-rate-monitors-navigation-watches-radios","10":"first","11":"instock","12":"shipping-taxable","13":"purchasable","14":"product-type-simple"},"_links":{"self":[{"href":"https:\/\/sezona.lv\/en\/wp-json\/wp\/v2\/product\/75980","targetHints":{"allow":["GET"]}}],"collection":[{"href":"https:\/\/sezona.lv\/en\/wp-json\/wp\/v2\/product"}],"about":[{"href":"https:\/\/sezona.lv\/en\/wp-json\/wp\/v2\/types\/product"}],"wp:featuredmedia":[{"embeddable":true,"href":"https:\/\/sezona.lv\/en\/wp-json\/wp\/v2\/media\/59745"}],"wp:attachment":[{"href":"https:\/\/sezona.lv\/en\/wp-json\/wp\/v2\/media?parent=75980"}],"wp:term":[{"taxonomy":"product_brand","embeddable":true,"href":"https:\/\/sezona.lv\/en\/wp-json\/wp\/v2\/product_brand?post=75980"},{"taxonomy":"product_cat","embeddable":true,"href":"https:\/\/sezona.lv\/en\/wp-json\/wp\/v2\/product_cat?post=75980"},{"taxonomy":"product_tag","embeddable":true,"href":"https:\/\/sezona.lv\/en\/wp-json\/wp\/v2\/product_tag?post=75980"}],"curies":[{"name":"wp","href":"https:\/\/api.w.org\/{rel}","templated":true}]}}