{"id":75984,"date":"2025-07-11T15:36:10","date_gmt":"2025-07-11T12:36:10","guid":{"rendered":"https:\/\/demo8.ecube.lv\/sezona.lv\/products\/suunto-core-glacier-gray\/"},"modified":"2025-07-14T14:43:58","modified_gmt":"2025-07-14T11:43:58","slug":"suunto-core-glacier-gray","status":"publish","type":"product","link":"https:\/\/sezona.lv\/en\/products\/suunto-core-glacier-gray\/","title":{"rendered":"SUUNTO CORE GLACIER GRAY"},"content":{"rendered":"<p>&nbsp;&nbsp; SUUNTO Core ir dom\u0101ti akt\u012bviem cilv\u0113kiem, kuri bie\u017ei uzturas br\u012bv\u0101 dab\u0101 un kuriem ir \u013coti svar\u012bgi pie\u0146emt dro&scaron;us un atbild\u012bgus l\u0113mumus kalnos, balstoties uz ieg\u016btajiem datiem.<\/p>\n<p>Daudzfunkcion\u0101ls pulkste\u0146a displejs<\/p>\n<ul>\n<li> Hronografs <\/li>\n<li>Atpaka\u013c skait\u012b&scaron;anas taimers <\/li>\n<li>Saull\u0113kta un saulrieta laiki <\/li>\n<li>Pulsa-monitors <\/li>\n<li>\u017durn\u0101la funkcija <\/li>\n<li>Datu grafiks <\/li>\n<li>Datu blo\u0137\u0113sanas iesp\u0113ja <\/li>\n<li>Temperat\u016bras kompens\u0101cija <\/li>\n<li>Altimetra \/ Barometra blo\u0137\u0113&scaron;ana <\/li>\n<li>Pulkste\u0146i 12\/24 stundas <\/li>\n<li>Dubultlaika funkcija <\/li>\n<li>Kalend\u0101rs <\/li>\n<li>Ikdienas atg\u0101din\u0101jumi<\/li>\n<li> Modin\u0101t\u0101js<\/li>\n<\/ul>\n<p>&nbsp;<\/p>\n<p>Papildus funkcijas<\/p>\n<ul>\n<li> Izv\u0113lne Barometrs <\/li>\n<li>Elektro-luminisc\u0113ta pagaisma <\/li>\n<li>Udens iztur\u012bba &#8211; 10 m.\/LI&gt; <\/li>\n<li>Pogu blo\u0137\u0113&scaron;anas iesp\u0113ja <\/li>\n<li>4 valodu izv\u0113lne <\/li>\n<li>Dzi\u013cuma m\u0113r\u012bt\u0101js<\/li>\n<li> J\u016bras l\u012bme\u0146a spiediens <\/li>\n<li>Temperat\u016bra<\/li>\n<li> Negaisa br\u012bdin\u0101jums <\/li>\n<li>Displeja apgaismojums + nakts apgaismojums<\/li>\n<\/ul>\n","protected":false},"excerpt":{"rendered":"<p>&nbsp;&nbsp; SUUNTO Core ir dom\u0101ti akt\u012bviem cilv\u0113kiem, kuri bie\u017ei uzturas br\u012bv\u0101 dab\u0101 un kuriem ir \u013coti svar\u012bgi pie\u0146emt dro&scaron;us un atbild\u012bgus l\u0113mumus kalnos, balstoties uz ieg\u016btajiem datiem. Daudzfunkcion\u0101ls pulkste\u0146a displejs Hronografs Atpaka\u013c skait\u012b&scaron;anas taimers Saull\u0113kta un saulrieta laiki Pulsa-monitors \u017durn\u0101la funkcija Datu grafiks Datu blo\u0137\u0113sanas iesp\u0113ja Temperat\u016bras kompens\u0101cija Altimetra \/ Barometra blo\u0137\u0113&scaron;ana Pulkste\u0146i 12\/24 stundas [&hellip;]<\/p>\n","protected":false},"featured_media":59757,"template":"","meta":[],"product_brand":[905],"product_cat":[4622,4624],"product_tag":[],"class_list":{"0":"post-75984","1":"product","2":"type-product","3":"status-publish","4":"has-post-thumbnail","6":"product_brand-suunto","7":"product_cat-watches-heart-rate-monitors-navigation-watches-radios","8":"product_cat-suunto-outdoor-2-watches-heart-rate-monitors-navigation-watches-radios","10":"first","11":"instock","12":"shipping-taxable","13":"purchasable","14":"product-type-simple"},"_links":{"self":[{"href":"https:\/\/sezona.lv\/en\/wp-json\/wp\/v2\/product\/75984","targetHints":{"allow":["GET"]}}],"collection":[{"href":"https:\/\/sezona.lv\/en\/wp-json\/wp\/v2\/product"}],"about":[{"href":"https:\/\/sezona.lv\/en\/wp-json\/wp\/v2\/types\/product"}],"wp:featuredmedia":[{"embeddable":true,"href":"https:\/\/sezona.lv\/en\/wp-json\/wp\/v2\/media\/59757"}],"wp:attachment":[{"href":"https:\/\/sezona.lv\/en\/wp-json\/wp\/v2\/media?parent=75984"}],"wp:term":[{"taxonomy":"product_brand","embeddable":true,"href":"https:\/\/sezona.lv\/en\/wp-json\/wp\/v2\/product_brand?post=75984"},{"taxonomy":"product_cat","embeddable":true,"href":"https:\/\/sezona.lv\/en\/wp-json\/wp\/v2\/product_cat?post=75984"},{"taxonomy":"product_tag","embeddable":true,"href":"https:\/\/sezona.lv\/en\/wp-json\/wp\/v2\/product_tag?post=75984"}],"curies":[{"name":"wp","href":"https:\/\/api.w.org\/{rel}","templated":true}]}}