{"id":75985,"date":"2025-07-11T15:36:12","date_gmt":"2025-07-11T12:36:12","guid":{"rendered":"https:\/\/demo8.ecube.lv\/sezona.lv\/products\/suunto-g6-pro\/"},"modified":"2025-07-14T14:43:59","modified_gmt":"2025-07-14T11:43:59","slug":"suunto-g6-pro","status":"publish","type":"product","link":"https:\/\/sezona.lv\/en\/products\/suunto-g6-pro\/","title":{"rendered":"SUUNTO G6 PRO"},"content":{"rendered":"<p style=\"text-align: justify\">Pulkstenis golfa sp\u0113l\u0113t\u0101jiem.<\/p>\n<p> &nbsp;&nbsp;&nbsp; Nodro&scaron;ina prec\u012bzu golfa sitiena anal\u012bzi un konsekvences atsauksmes p\u0113c katra sitiena. Sportam un akt\u012bvai atputai paredz\u0113ts pulkstenis, kas katram golferim \u013caus k\u013c\u016bt par Tiger Woods &#8211; G6 ir sp\u0113j\u012bgs izm\u0113r\u012bt sp\u0113ku, ar k\u0101du ir sists pa golfa bumbi\u0146u un saglab\u0101t &scaron;os datus v\u0113l\u0101kai anal\u012bzei. Pro versijai ir programmnodro&scaron;in\u0101jums, kas \u013cauj p\u0101rpump\u0113t datus uz datoru. <\/p>\n<p> \u012apatn\u012bbas:<\/p>\n<ul>\n<li> Kalend\u0101rs <\/li>\n<li> Modin\u0101t\u0101js <\/li>\n<li> Herm\u0113tisks l\u012bdz 30 m <\/li>\n<li> Datu \u017eurn\u0101ls <\/li>\n<li> PC Software <\/li>\n<li> Sitienu skait\u012bt\u0101js<\/li>\n<\/ul>\n<p>Korpusa materi\u0101ls   &#8211; Met\u0101ls<\/p>\n","protected":false},"excerpt":{"rendered":"<p>Pulkstenis golfa sp\u0113l\u0113t\u0101jiem. &nbsp;&nbsp;&nbsp; Nodro&scaron;ina prec\u012bzu golfa sitiena anal\u012bzi un konsekvences atsauksmes p\u0113c katra sitiena. Sportam un akt\u012bvai atputai paredz\u0113ts pulkstenis, kas katram golferim \u013caus k\u013c\u016bt par Tiger Woods &#8211; G6 ir sp\u0113j\u012bgs izm\u0113r\u012bt sp\u0113ku, ar k\u0101du ir sists pa golfa bumbi\u0146u un saglab\u0101t &scaron;os datus v\u0113l\u0101kai anal\u012bzei. Pro versijai ir programmnodro&scaron;in\u0101jums, kas \u013cauj p\u0101rpump\u0113t [&hellip;]<\/p>\n","protected":false},"featured_media":59760,"template":"","meta":[],"product_brand":[905],"product_cat":[4622,4624],"product_tag":[],"class_list":{"0":"post-75985","1":"product","2":"type-product","3":"status-publish","4":"has-post-thumbnail","6":"product_brand-suunto","7":"product_cat-watches-heart-rate-monitors-navigation-watches-radios","8":"product_cat-suunto-outdoor-2-watches-heart-rate-monitors-navigation-watches-radios","10":"first","11":"instock","12":"shipping-taxable","13":"purchasable","14":"product-type-simple"},"_links":{"self":[{"href":"https:\/\/sezona.lv\/en\/wp-json\/wp\/v2\/product\/75985","targetHints":{"allow":["GET"]}}],"collection":[{"href":"https:\/\/sezona.lv\/en\/wp-json\/wp\/v2\/product"}],"about":[{"href":"https:\/\/sezona.lv\/en\/wp-json\/wp\/v2\/types\/product"}],"wp:featuredmedia":[{"embeddable":true,"href":"https:\/\/sezona.lv\/en\/wp-json\/wp\/v2\/media\/59760"}],"wp:attachment":[{"href":"https:\/\/sezona.lv\/en\/wp-json\/wp\/v2\/media?parent=75985"}],"wp:term":[{"taxonomy":"product_brand","embeddable":true,"href":"https:\/\/sezona.lv\/en\/wp-json\/wp\/v2\/product_brand?post=75985"},{"taxonomy":"product_cat","embeddable":true,"href":"https:\/\/sezona.lv\/en\/wp-json\/wp\/v2\/product_cat?post=75985"},{"taxonomy":"product_tag","embeddable":true,"href":"https:\/\/sezona.lv\/en\/wp-json\/wp\/v2\/product_tag?post=75985"}],"curies":[{"name":"wp","href":"https:\/\/api.w.org\/{rel}","templated":true}]}}