{"id":75987,"date":"2025-07-11T15:36:14","date_gmt":"2025-07-11T12:36:14","guid":{"rendered":"https:\/\/demo8.ecube.lv\/sezona.lv\/products\/suunto-core-standard-strap-all-black\/"},"modified":"2025-07-14T14:44:01","modified_gmt":"2025-07-14T11:44:01","slug":"suunto-core-standard-strap-all-black","status":"publish","type":"product","link":"https:\/\/sezona.lv\/en\/products\/suunto-core-standard-strap-all-black\/","title":{"rendered":"SUUNTO CORE STANDARD STRAP ALL BLACK"},"content":{"rendered":"<p><span style=\"font-size: x-small\">Siksni\u0146a ir piem\u0113rota vis\u0101m Suunto Core mode\u013ciem. Komplekt\u0101 ietilpst siksni\u0146a un tapas to stiprin\u0101jumam.<\/span><\/p>\n","protected":false},"excerpt":{"rendered":"<p>Siksni\u0146a ir piem\u0113rota vis\u0101m Suunto Core mode\u013ciem. Komplekt\u0101 ietilpst siksni\u0146a un tapas to stiprin\u0101jumam.<\/p>\n","protected":false},"featured_media":59766,"template":"","meta":[],"product_brand":[905],"product_cat":[4622,4627],"product_tag":[],"class_list":{"0":"post-75987","1":"product","2":"type-product","3":"status-publish","4":"has-post-thumbnail","6":"product_brand-suunto","7":"product_cat-watches-heart-rate-monitors-navigation-watches-radios","8":"product_cat-watch-accessories-watches-heart-rate-monitors-navigation-watches-radios","10":"first","11":"instock","12":"shipping-taxable","13":"purchasable","14":"product-type-simple"},"_links":{"self":[{"href":"https:\/\/sezona.lv\/en\/wp-json\/wp\/v2\/product\/75987","targetHints":{"allow":["GET"]}}],"collection":[{"href":"https:\/\/sezona.lv\/en\/wp-json\/wp\/v2\/product"}],"about":[{"href":"https:\/\/sezona.lv\/en\/wp-json\/wp\/v2\/types\/product"}],"wp:featuredmedia":[{"embeddable":true,"href":"https:\/\/sezona.lv\/en\/wp-json\/wp\/v2\/media\/59766"}],"wp:attachment":[{"href":"https:\/\/sezona.lv\/en\/wp-json\/wp\/v2\/media?parent=75987"}],"wp:term":[{"taxonomy":"product_brand","embeddable":true,"href":"https:\/\/sezona.lv\/en\/wp-json\/wp\/v2\/product_brand?post=75987"},{"taxonomy":"product_cat","embeddable":true,"href":"https:\/\/sezona.lv\/en\/wp-json\/wp\/v2\/product_cat?post=75987"},{"taxonomy":"product_tag","embeddable":true,"href":"https:\/\/sezona.lv\/en\/wp-json\/wp\/v2\/product_tag?post=75987"}],"curies":[{"name":"wp","href":"https:\/\/api.w.org\/{rel}","templated":true}]}}