{"id":75988,"date":"2025-07-11T15:36:15","date_gmt":"2025-07-11T12:36:15","guid":{"rendered":"https:\/\/demo8.ecube.lv\/sezona.lv\/products\/suunto-core-light-black-strap\/"},"modified":"2025-07-14T14:44:04","modified_gmt":"2025-07-14T11:44:04","slug":"suunto-core-light-black-strap","status":"publish","type":"product","link":"https:\/\/sezona.lv\/en\/products\/suunto-core-light-black-strap\/","title":{"rendered":"SUUNTO CORE LIGHT BLACK STRAP"},"content":{"rendered":"<p>Izgatavota no elastom\u0113ra <br \/>Komplekt\u0101 ietilpst siksni\u0146a un tapas to stiprin\u0101jumam<\/p>\n","protected":false},"excerpt":{"rendered":"<p>Izgatavota no elastom\u0113ra Komplekt\u0101 ietilpst siksni\u0146a un tapas to stiprin\u0101jumam<\/p>\n","protected":false},"featured_media":59769,"template":"","meta":[],"product_brand":[905],"product_cat":[4622,4627],"product_tag":[],"class_list":{"0":"post-75988","1":"product","2":"type-product","3":"status-publish","4":"has-post-thumbnail","6":"product_brand-suunto","7":"product_cat-watches-heart-rate-monitors-navigation-watches-radios","8":"product_cat-watch-accessories-watches-heart-rate-monitors-navigation-watches-radios","10":"first","11":"instock","12":"shipping-taxable","13":"purchasable","14":"product-type-simple"},"_links":{"self":[{"href":"https:\/\/sezona.lv\/en\/wp-json\/wp\/v2\/product\/75988","targetHints":{"allow":["GET"]}}],"collection":[{"href":"https:\/\/sezona.lv\/en\/wp-json\/wp\/v2\/product"}],"about":[{"href":"https:\/\/sezona.lv\/en\/wp-json\/wp\/v2\/types\/product"}],"wp:featuredmedia":[{"embeddable":true,"href":"https:\/\/sezona.lv\/en\/wp-json\/wp\/v2\/media\/59769"}],"wp:attachment":[{"href":"https:\/\/sezona.lv\/en\/wp-json\/wp\/v2\/media?parent=75988"}],"wp:term":[{"taxonomy":"product_brand","embeddable":true,"href":"https:\/\/sezona.lv\/en\/wp-json\/wp\/v2\/product_brand?post=75988"},{"taxonomy":"product_cat","embeddable":true,"href":"https:\/\/sezona.lv\/en\/wp-json\/wp\/v2\/product_cat?post=75988"},{"taxonomy":"product_tag","embeddable":true,"href":"https:\/\/sezona.lv\/en\/wp-json\/wp\/v2\/product_tag?post=75988"}],"curies":[{"name":"wp","href":"https:\/\/api.w.org\/{rel}","templated":true}]}}