{"id":75989,"date":"2025-07-11T15:36:07","date_gmt":"2025-07-11T12:36:07","guid":{"rendered":"https:\/\/demo8.ecube.lv\/sezona.lv\/products\/suunto-wtc-bike-adaptor\/"},"modified":"2025-07-14T14:44:05","modified_gmt":"2025-07-14T11:44:05","slug":"suunto-wtc-bike-adaptor","status":"publish","type":"product","link":"https:\/\/sezona.lv\/en\/products\/suunto-wtc-bike-adaptor\/","title":{"rendered":"SUUNTO WTC BIKE ADAPTOR"},"content":{"rendered":"<div class=\"product_descr\">\u013bauj pievienot Suunto sporta pulkste\u0146us vai  pulsometrus uz velosip\u0113da st\u016bres.<\/div>\n","protected":false},"excerpt":{"rendered":"<p>\u013bauj pievienot Suunto sporta pulkste\u0146us vai pulsometrus uz velosip\u0113da st\u016bres.<\/p>\n","protected":false},"featured_media":59748,"template":"","meta":[],"product_brand":[905],"product_cat":[4622,4627],"product_tag":[],"class_list":{"0":"post-75989","1":"product","2":"type-product","3":"status-publish","4":"has-post-thumbnail","6":"product_brand-suunto","7":"product_cat-watches-heart-rate-monitors-navigation-watches-radios","8":"product_cat-watch-accessories-watches-heart-rate-monitors-navigation-watches-radios","10":"first","11":"instock","12":"shipping-taxable","13":"purchasable","14":"product-type-simple"},"_links":{"self":[{"href":"https:\/\/sezona.lv\/en\/wp-json\/wp\/v2\/product\/75989","targetHints":{"allow":["GET"]}}],"collection":[{"href":"https:\/\/sezona.lv\/en\/wp-json\/wp\/v2\/product"}],"about":[{"href":"https:\/\/sezona.lv\/en\/wp-json\/wp\/v2\/types\/product"}],"wp:featuredmedia":[{"embeddable":true,"href":"https:\/\/sezona.lv\/en\/wp-json\/wp\/v2\/media\/59748"}],"wp:attachment":[{"href":"https:\/\/sezona.lv\/en\/wp-json\/wp\/v2\/media?parent=75989"}],"wp:term":[{"taxonomy":"product_brand","embeddable":true,"href":"https:\/\/sezona.lv\/en\/wp-json\/wp\/v2\/product_brand?post=75989"},{"taxonomy":"product_cat","embeddable":true,"href":"https:\/\/sezona.lv\/en\/wp-json\/wp\/v2\/product_cat?post=75989"},{"taxonomy":"product_tag","embeddable":true,"href":"https:\/\/sezona.lv\/en\/wp-json\/wp\/v2\/product_tag?post=75989"}],"curies":[{"name":"wp","href":"https:\/\/api.w.org\/{rel}","templated":true}]}}