{"id":75990,"date":"2025-07-11T15:36:08","date_gmt":"2025-07-11T12:36:08","guid":{"rendered":"https:\/\/demo8.ecube.lv\/sezona.lv\/products\/suunto-display-shield-2-pcs-2\/"},"modified":"2025-07-14T14:44:06","modified_gmt":"2025-07-14T11:44:06","slug":"suunto-display-shield-2-pcs-2","status":"publish","type":"product","link":"https:\/\/sezona.lv\/en\/products\/suunto-display-shield-2-pcs-2\/","title":{"rendered":"SUUNTO DISPLAY SHIELD\/2 PCS"},"content":{"rendered":"<p>Ra\u017eot\u0101js: Suunto<\/p>\n<p>Savietojamie pulkste\u0146u ra\u017eot\u0101ji: Suunto<\/p>\n<p>Savietojamie pulkste\u0146u mode\u013ci: T6<\/p>\n<p>Specifik\u0101cija: aizsargs displejam<\/p>\n","protected":false},"excerpt":{"rendered":"<p>Ra\u017eot\u0101js: Suunto Savietojamie pulkste\u0146u ra\u017eot\u0101ji: Suunto Savietojamie pulkste\u0146u mode\u013ci: T6 Specifik\u0101cija: aizsargs displejam<\/p>\n","protected":false},"featured_media":59751,"template":"","meta":[],"product_brand":[905],"product_cat":[4622,4627],"product_tag":[],"class_list":{"0":"post-75990","1":"product","2":"type-product","3":"status-publish","4":"has-post-thumbnail","6":"product_brand-suunto","7":"product_cat-watches-heart-rate-monitors-navigation-watches-radios","8":"product_cat-watch-accessories-watches-heart-rate-monitors-navigation-watches-radios","10":"first","11":"instock","12":"shipping-taxable","13":"purchasable","14":"product-type-simple"},"_links":{"self":[{"href":"https:\/\/sezona.lv\/en\/wp-json\/wp\/v2\/product\/75990","targetHints":{"allow":["GET"]}}],"collection":[{"href":"https:\/\/sezona.lv\/en\/wp-json\/wp\/v2\/product"}],"about":[{"href":"https:\/\/sezona.lv\/en\/wp-json\/wp\/v2\/types\/product"}],"wp:featuredmedia":[{"embeddable":true,"href":"https:\/\/sezona.lv\/en\/wp-json\/wp\/v2\/media\/59751"}],"wp:attachment":[{"href":"https:\/\/sezona.lv\/en\/wp-json\/wp\/v2\/media?parent=75990"}],"wp:term":[{"taxonomy":"product_brand","embeddable":true,"href":"https:\/\/sezona.lv\/en\/wp-json\/wp\/v2\/product_brand?post=75990"},{"taxonomy":"product_cat","embeddable":true,"href":"https:\/\/sezona.lv\/en\/wp-json\/wp\/v2\/product_cat?post=75990"},{"taxonomy":"product_tag","embeddable":true,"href":"https:\/\/sezona.lv\/en\/wp-json\/wp\/v2\/product_tag?post=75990"}],"curies":[{"name":"wp","href":"https:\/\/api.w.org\/{rel}","templated":true}]}}