{"id":75991,"date":"2025-07-11T15:36:17","date_gmt":"2025-07-11T12:36:17","guid":{"rendered":"https:\/\/demo8.ecube.lv\/sezona.lv\/products\/duraini-norfin-3090\/"},"modified":"2025-07-14T14:44:07","modified_gmt":"2025-07-14T11:44:07","slug":"duraini-norfin-3090","status":"publish","type":"product","link":"https:\/\/sezona.lv\/en\/products\/duraini-norfin-3090\/","title":{"rendered":"D\u016brai\u0146i Norfin 3090"},"content":{"rendered":"<p>D\u016brai\u0146i Norfin 3090<\/p>\n<p>Poliestra cimdi (Nortex Breathable)<\/p>\n<p>Lieliski aizsarg\u0101 no aukstuma un v\u0113ja.<\/p>\n<p><strong>Pieejamie izm\u0113ri: L; XL<\/strong><\/p>\n<p>Pas\u016btot cimdus, l\u016bdzu, nor\u0101diet, k\u0101ds izm\u0113rs ir nepiecie&scaron;ams!<\/p>\n","protected":false},"excerpt":{"rendered":"<p>D\u016brai\u0146i Norfin 3090 Poliestra cimdi (Nortex Breathable) Lieliski aizsarg\u0101 no aukstuma un v\u0113ja. Pieejamie izm\u0113ri: L; XL Pas\u016btot cimdus, l\u016bdzu, nor\u0101diet, k\u0101ds izm\u0113rs ir nepiecie&scaron;ams!<\/p>\n","protected":false},"featured_media":0,"template":"","meta":[],"product_brand":[],"product_cat":[4585,4619,4628],"product_tag":[],"class_list":{"0":"post-75991","1":"product","2":"type-product","3":"status-publish","5":"product_cat-winter-fishing-equipment-recreation","6":"product_cat-winter-clothes-recreation","7":"product_cat-gloves-winter-clothes-recreation","9":"first","10":"instock","11":"shipping-taxable","12":"purchasable","13":"product-type-simple"},"_links":{"self":[{"href":"https:\/\/sezona.lv\/en\/wp-json\/wp\/v2\/product\/75991","targetHints":{"allow":["GET"]}}],"collection":[{"href":"https:\/\/sezona.lv\/en\/wp-json\/wp\/v2\/product"}],"about":[{"href":"https:\/\/sezona.lv\/en\/wp-json\/wp\/v2\/types\/product"}],"wp:attachment":[{"href":"https:\/\/sezona.lv\/en\/wp-json\/wp\/v2\/media?parent=75991"}],"wp:term":[{"taxonomy":"product_brand","embeddable":true,"href":"https:\/\/sezona.lv\/en\/wp-json\/wp\/v2\/product_brand?post=75991"},{"taxonomy":"product_cat","embeddable":true,"href":"https:\/\/sezona.lv\/en\/wp-json\/wp\/v2\/product_cat?post=75991"},{"taxonomy":"product_tag","embeddable":true,"href":"https:\/\/sezona.lv\/en\/wp-json\/wp\/v2\/product_tag?post=75991"}],"curies":[{"name":"wp","href":"https:\/\/api.w.org\/{rel}","templated":true}]}}