{"id":75992,"date":"2025-07-11T15:36:18","date_gmt":"2025-07-11T12:36:18","guid":{"rendered":"https:\/\/demo8.ecube.lv\/sezona.lv\/products\/suunto-a-30-nh-usgs-compass\/"},"modified":"2025-07-14T14:44:08","modified_gmt":"2025-07-14T11:44:08","slug":"suunto-a-30-nh-usgs-compass","status":"publish","type":"product","link":"https:\/\/sezona.lv\/en\/products\/suunto-a-30-nh-usgs-compass\/","title":{"rendered":"SUUNTO A-30 NH USGS COMPASS"},"content":{"rendered":"<ul>\n<\/ul>\n<p>Kompass SUUNTO A-30 NH USGS (SS012100013)<br \/> Suunto ra\u017eot\u0101ja kompass, kas lieliski piem\u0113rots orient\u0113&scaron;an\u0101s sportam un  lieto&scaron;anai uz kartes. Kompasam ir line\u0101ls, palielin\u0101mais stikls,  piestiprin\u0101ma aukli\u0146a, caurumi\u0146i kontrolpunktu atz\u012bm\u0113m, luminisc\u0113jo&scaron;as  atz\u012bmes.<\/p>\n<p> Balans\u0113ts zieme\u013cu puslodei<br \/> Uzlabota novirzes samazin\u0101&scaron;anas skala<br \/> D\u0101rgakmens gultnis<br \/> Viegla izmanto&scaron;ana kop\u0101 ar karti<br \/> Sp\u012bd\u012bga sl\u012bp\u0101 mala un mar\u0137\u0113jumi \u013cauj kompasu viegl\u0101k izmantot tums\u0101<br \/> Mar\u0137\u0113&scaron;anas caurumi<br \/> M\u0113rvien\u012bba: centimetri<br \/> B\u0101ze ar palielin\u0101mo stiklu<br \/> Izm\u0113rs: 57 x 114 mm<br \/> Svars: 32 g<\/p>\n<ul>\n<\/ul>\n","protected":false},"excerpt":{"rendered":"<p>Kompass SUUNTO A-30 NH USGS (SS012100013) Suunto ra\u017eot\u0101ja kompass, kas lieliski piem\u0113rots orient\u0113&scaron;an\u0101s sportam un lieto&scaron;anai uz kartes. Kompasam ir line\u0101ls, palielin\u0101mais stikls, piestiprin\u0101ma aukli\u0146a, caurumi\u0146i kontrolpunktu atz\u012bm\u0113m, luminisc\u0113jo&scaron;as atz\u012bmes. Balans\u0113ts zieme\u013cu puslodei Uzlabota novirzes samazin\u0101&scaron;anas skala D\u0101rgakmens gultnis Viegla izmanto&scaron;ana kop\u0101 ar karti Sp\u012bd\u012bga sl\u012bp\u0101 mala un mar\u0137\u0113jumi \u013cauj kompasu viegl\u0101k izmantot tums\u0101 Mar\u0137\u0113&scaron;anas [&hellip;]<\/p>\n","protected":false},"featured_media":59775,"template":"","meta":[],"product_brand":[905],"product_cat":[967],"product_tag":[],"class_list":{"0":"post-75992","1":"product","2":"type-product","3":"status-publish","4":"has-post-thumbnail","6":"product_brand-suunto","7":"product_cat-bez-kategorijas","9":"first","10":"instock","11":"shipping-taxable","12":"purchasable","13":"product-type-simple"},"_links":{"self":[{"href":"https:\/\/sezona.lv\/en\/wp-json\/wp\/v2\/product\/75992","targetHints":{"allow":["GET"]}}],"collection":[{"href":"https:\/\/sezona.lv\/en\/wp-json\/wp\/v2\/product"}],"about":[{"href":"https:\/\/sezona.lv\/en\/wp-json\/wp\/v2\/types\/product"}],"wp:featuredmedia":[{"embeddable":true,"href":"https:\/\/sezona.lv\/en\/wp-json\/wp\/v2\/media\/59775"}],"wp:attachment":[{"href":"https:\/\/sezona.lv\/en\/wp-json\/wp\/v2\/media?parent=75992"}],"wp:term":[{"taxonomy":"product_brand","embeddable":true,"href":"https:\/\/sezona.lv\/en\/wp-json\/wp\/v2\/product_brand?post=75992"},{"taxonomy":"product_cat","embeddable":true,"href":"https:\/\/sezona.lv\/en\/wp-json\/wp\/v2\/product_cat?post=75992"},{"taxonomy":"product_tag","embeddable":true,"href":"https:\/\/sezona.lv\/en\/wp-json\/wp\/v2\/product_tag?post=75992"}],"curies":[{"name":"wp","href":"https:\/\/api.w.org\/{rel}","templated":true}]}}