{"id":75993,"date":"2025-07-11T15:36:18","date_gmt":"2025-07-11T12:36:18","guid":{"rendered":"https:\/\/demo8.ecube.lv\/sezona.lv\/products\/suunto-mcb-nh-mirror-compass\/"},"modified":"2025-07-14T14:44:09","modified_gmt":"2025-07-14T11:44:09","slug":"suunto-mcb-nh-mirror-compass","status":"publish","type":"product","link":"https:\/\/sezona.lv\/en\/products\/suunto-mcb-nh-mirror-compass\/","title":{"rendered":"SUUNTO MCB NH MIRROR COMPASS"},"content":{"rendered":"<p><span id=\"saturosss\">Praktiski izstr\u0101d\u0101ts kompakts kompass ar spoguli.<\/p>\n<p><\/span><\/p>\n<ul>\n<li>Balans\u0113&scaron;ana: zieme\u013cu puslod\u0113 <\/li>\n<li>M\u0113r\u012b&scaron;anas skalas: coll\u0101s un cm <\/li>\n<li>Gultnis: d\u0101rgakme\u0146s <\/li>\n<li>Izm\u0113ri: 58 x 68 x 18 mm&nbsp;<\/li>\n<li>Svars: 36g&nbsp;<\/li>\n<li>Spogu\u013ca tipa kompass&nbsp;<\/li>\n<li>Peldo&scaron;s <\/li>\n<\/ul>\n","protected":false},"excerpt":{"rendered":"<p>Praktiski izstr\u0101d\u0101ts kompakts kompass ar spoguli. Balans\u0113&scaron;ana: zieme\u013cu puslod\u0113 M\u0113r\u012b&scaron;anas skalas: coll\u0101s un cm Gultnis: d\u0101rgakme\u0146s Izm\u0113ri: 58 x 68 x 18 mm&nbsp; Svars: 36g&nbsp; Spogu\u013ca tipa kompass&nbsp; Peldo&scaron;s<\/p>\n","protected":false},"featured_media":59778,"template":"","meta":[],"product_brand":[905],"product_cat":[4626],"product_tag":[],"class_list":{"0":"post-75993","1":"product","2":"type-product","3":"status-publish","4":"has-post-thumbnail","6":"product_brand-suunto","7":"product_cat-compasses-navigation-watches-radios","9":"first","10":"instock","11":"shipping-taxable","12":"purchasable","13":"product-type-simple"},"_links":{"self":[{"href":"https:\/\/sezona.lv\/en\/wp-json\/wp\/v2\/product\/75993","targetHints":{"allow":["GET"]}}],"collection":[{"href":"https:\/\/sezona.lv\/en\/wp-json\/wp\/v2\/product"}],"about":[{"href":"https:\/\/sezona.lv\/en\/wp-json\/wp\/v2\/types\/product"}],"wp:featuredmedia":[{"embeddable":true,"href":"https:\/\/sezona.lv\/en\/wp-json\/wp\/v2\/media\/59778"}],"wp:attachment":[{"href":"https:\/\/sezona.lv\/en\/wp-json\/wp\/v2\/media?parent=75993"}],"wp:term":[{"taxonomy":"product_brand","embeddable":true,"href":"https:\/\/sezona.lv\/en\/wp-json\/wp\/v2\/product_brand?post=75993"},{"taxonomy":"product_cat","embeddable":true,"href":"https:\/\/sezona.lv\/en\/wp-json\/wp\/v2\/product_cat?post=75993"},{"taxonomy":"product_tag","embeddable":true,"href":"https:\/\/sezona.lv\/en\/wp-json\/wp\/v2\/product_tag?post=75993"}],"curies":[{"name":"wp","href":"https:\/\/api.w.org\/{rel}","templated":true}]}}