{"id":75994,"date":"2025-07-11T15:36:19","date_gmt":"2025-07-11T12:36:19","guid":{"rendered":"https:\/\/demo8.ecube.lv\/sezona.lv\/products\/suunto-mc-2-360-d-cm-in-nh-compass\/"},"modified":"2025-07-14T14:44:10","modified_gmt":"2025-07-14T11:44:10","slug":"suunto-mc-2-360-d-cm-in-nh-compass","status":"publish","type":"product","link":"https:\/\/sezona.lv\/en\/products\/suunto-mc-2-360-d-cm-in-nh-compass\/","title":{"rendered":"SUUNTO MC-2\/360\/D\/CM\/IN\/NH COMPASS"},"content":{"rendered":"<p><span id=\"saturosss\">Praktiski izstr\u0101d\u0101ts kompakts kompass ar spoguli.<br \/><\/span><\/p>\n<ul>\n<li><span id=\"saturosss\">&nbsp; Balans\u0113ts zieme\u013cu puslodei<\/span><\/li>\n<li><span id=\"saturosss\">&nbsp; Klinometrs<\/span><\/li>\n<li><span id=\"saturosss\">&nbsp; Nesl\u012bdo&scaron;a b\u0101ze<\/span><\/li>\n<li><span id=\"saturosss\">&nbsp; Regul\u0113jama novirzes nov\u0113r&scaron;anas skala<\/span><\/li>\n<li><span id=\"saturosss\">&nbsp; D\u0101rgakmens gultnis<\/span><\/li>\n<li><span id=\"saturosss\">&nbsp; Sp\u012bd\u012bgs, divkr\u0101sains sl\u012bpais ri\u0146\u0137is<\/span><\/li>\n<li><span id=\"saturosss\">&nbsp; Viegla izmanto&scaron;ana kop\u0101 ar karti<\/span><\/li>\n<li><span id=\"saturosss\">&nbsp; Skat\u0101mrobs<\/span><\/li>\n<li><span id=\"saturosss\">&nbsp; Spogu\u013ca v\u0101ci\u0146&scaron; atveras da\u017e\u0101dos le\u0146\u0137os (60&ordm;, 120&ordm;, 180&ordm;)<\/span><\/li>\n<li><span id=\"saturosss\">&nbsp; M\u0113rvien\u012bba: centimetri<\/span><\/li>\n<li><span id=\"saturosss\">&nbsp; Palielin\u0101mais stikls<\/span><\/li>\n<li><span id=\"saturosss\">&nbsp; Izm\u0113rs: 65 x 101 x 18 mm<\/span><\/li>\n<li><span id=\"saturosss\">&nbsp; Svars: 74 g<br \/><\/span><\/li>\n<\/ul>\n","protected":false},"excerpt":{"rendered":"<p>Praktiski izstr\u0101d\u0101ts kompakts kompass ar spoguli. &nbsp; Balans\u0113ts zieme\u013cu puslodei &nbsp; Klinometrs &nbsp; Nesl\u012bdo&scaron;a b\u0101ze &nbsp; Regul\u0113jama novirzes nov\u0113r&scaron;anas skala &nbsp; D\u0101rgakmens gultnis &nbsp; Sp\u012bd\u012bgs, divkr\u0101sains sl\u012bpais ri\u0146\u0137is &nbsp; Viegla izmanto&scaron;ana kop\u0101 ar karti &nbsp; Skat\u0101mrobs &nbsp; Spogu\u013ca v\u0101ci\u0146&scaron; atveras da\u017e\u0101dos le\u0146\u0137os (60&ordm;, 120&ordm;, 180&ordm;) &nbsp; M\u0113rvien\u012bba: centimetri &nbsp; Palielin\u0101mais stikls &nbsp; Izm\u0113rs: 65 x [&hellip;]<\/p>\n","protected":false},"featured_media":59781,"template":"","meta":[],"product_brand":[905],"product_cat":[4626],"product_tag":[],"class_list":{"0":"post-75994","1":"product","2":"type-product","3":"status-publish","4":"has-post-thumbnail","6":"product_brand-suunto","7":"product_cat-compasses-navigation-watches-radios","9":"first","10":"instock","11":"shipping-taxable","12":"purchasable","13":"product-type-simple"},"_links":{"self":[{"href":"https:\/\/sezona.lv\/en\/wp-json\/wp\/v2\/product\/75994","targetHints":{"allow":["GET"]}}],"collection":[{"href":"https:\/\/sezona.lv\/en\/wp-json\/wp\/v2\/product"}],"about":[{"href":"https:\/\/sezona.lv\/en\/wp-json\/wp\/v2\/types\/product"}],"wp:featuredmedia":[{"embeddable":true,"href":"https:\/\/sezona.lv\/en\/wp-json\/wp\/v2\/media\/59781"}],"wp:attachment":[{"href":"https:\/\/sezona.lv\/en\/wp-json\/wp\/v2\/media?parent=75994"}],"wp:term":[{"taxonomy":"product_brand","embeddable":true,"href":"https:\/\/sezona.lv\/en\/wp-json\/wp\/v2\/product_brand?post=75994"},{"taxonomy":"product_cat","embeddable":true,"href":"https:\/\/sezona.lv\/en\/wp-json\/wp\/v2\/product_cat?post=75994"},{"taxonomy":"product_tag","embeddable":true,"href":"https:\/\/sezona.lv\/en\/wp-json\/wp\/v2\/product_tag?post=75994"}],"curies":[{"name":"wp","href":"https:\/\/api.w.org\/{rel}","templated":true}]}}