{"id":75998,"date":"2025-07-11T15:36:25","date_gmt":"2025-07-11T12:36:25","guid":{"rendered":"https:\/\/demo8.ecube.lv\/sezona.lv\/products\/suunto-mc-2-g-mirror-compass\/"},"modified":"2025-07-14T14:44:14","modified_gmt":"2025-07-14T11:44:14","slug":"suunto-mc-2-g-mirror-compass","status":"publish","type":"product","link":"https:\/\/sezona.lv\/en\/products\/suunto-mc-2-g-mirror-compass\/","title":{"rendered":"SUUNTO MC-2 G MIRROR COMPASS"},"content":{"rendered":"<p>Spogu\u013ca tipa kompass MC-2 G USGS (SS014891000)<br \/> Balans\u0113&scaron;ana: Global<br \/> M\u0113r\u012b&scaron;anas skalas: coll\u0101s<br \/> Gultnis: d\u0101rgakme\u0146s<br \/> Izm\u0113ri: 65 x 101 x 18 mm<br \/> Svars: 74g<br \/> Spogu\u013ca tipa kompass<br \/> Palielin\u0101mais stikls<br \/> Klinometrs<br \/> Skala deklin\u0101cijas regul\u0113&scaron;anai<br \/> USGS UTM<\/p>\n","protected":false},"excerpt":{"rendered":"<p>Spogu\u013ca tipa kompass MC-2 G USGS (SS014891000) Balans\u0113&scaron;ana: Global M\u0113r\u012b&scaron;anas skalas: coll\u0101s Gultnis: d\u0101rgakme\u0146s Izm\u0113ri: 65 x 101 x 18 mm Svars: 74g Spogu\u013ca tipa kompass Palielin\u0101mais stikls Klinometrs Skala deklin\u0101cijas regul\u0113&scaron;anai USGS UTM<\/p>\n","protected":false},"featured_media":59793,"template":"","meta":[],"product_brand":[905],"product_cat":[4626],"product_tag":[],"class_list":{"0":"post-75998","1":"product","2":"type-product","3":"status-publish","4":"has-post-thumbnail","6":"product_brand-suunto","7":"product_cat-compasses-navigation-watches-radios","9":"first","10":"instock","11":"shipping-taxable","12":"purchasable","13":"product-type-simple"},"_links":{"self":[{"href":"https:\/\/sezona.lv\/en\/wp-json\/wp\/v2\/product\/75998","targetHints":{"allow":["GET"]}}],"collection":[{"href":"https:\/\/sezona.lv\/en\/wp-json\/wp\/v2\/product"}],"about":[{"href":"https:\/\/sezona.lv\/en\/wp-json\/wp\/v2\/types\/product"}],"wp:featuredmedia":[{"embeddable":true,"href":"https:\/\/sezona.lv\/en\/wp-json\/wp\/v2\/media\/59793"}],"wp:attachment":[{"href":"https:\/\/sezona.lv\/en\/wp-json\/wp\/v2\/media?parent=75998"}],"wp:term":[{"taxonomy":"product_brand","embeddable":true,"href":"https:\/\/sezona.lv\/en\/wp-json\/wp\/v2\/product_brand?post=75998"},{"taxonomy":"product_cat","embeddable":true,"href":"https:\/\/sezona.lv\/en\/wp-json\/wp\/v2\/product_cat?post=75998"},{"taxonomy":"product_tag","embeddable":true,"href":"https:\/\/sezona.lv\/en\/wp-json\/wp\/v2\/product_tag?post=75998"}],"curies":[{"name":"wp","href":"https:\/\/api.w.org\/{rel}","templated":true}]}}