{"id":75999,"date":"2025-07-11T15:36:26","date_gmt":"2025-07-11T12:36:26","guid":{"rendered":"https:\/\/demo8.ecube.lv\/sezona.lv\/products\/suunto-mc-2-g-usgs-mirror-compass\/"},"modified":"2025-07-14T14:44:15","modified_gmt":"2025-07-14T11:44:15","slug":"suunto-mc-2-g-usgs-mirror-compass","status":"publish","type":"product","link":"https:\/\/sezona.lv\/en\/products\/suunto-mc-2-g-usgs-mirror-compass\/","title":{"rendered":"SUUNTO MC-2 G USGS MIRROR COMPASS"},"content":{"rendered":"<ul>\n<li>Balans\u0113&scaron;ana: GLOBAL <\/li>\n<li>Gultnis: d\u0101rgakme\u0146s <\/li>\n<li>Izm\u0113ri: 67 x 45 x 22 mm <\/li>\n<li>Svars: 55g <\/li>\n<li>Spogulis <\/li>\n<li>Klinometrs&nbsp;<\/li>\n<li>Skala deklin\u0101cijas regul\u0113&scaron;anai <\/li>\n<\/ul>\n<ul>\n<br \/> \n<\/ul>\n","protected":false},"excerpt":{"rendered":"<p>Balans\u0113&scaron;ana: GLOBAL Gultnis: d\u0101rgakme\u0146s Izm\u0113ri: 67 x 45 x 22 mm Svars: 55g Spogulis Klinometrs&nbsp; Skala deklin\u0101cijas regul\u0113&scaron;anai<\/p>\n","protected":false},"featured_media":59796,"template":"","meta":[],"product_brand":[905],"product_cat":[4626],"product_tag":[],"class_list":{"0":"post-75999","1":"product","2":"type-product","3":"status-publish","4":"has-post-thumbnail","6":"product_brand-suunto","7":"product_cat-compasses-navigation-watches-radios","9":"first","10":"instock","11":"shipping-taxable","12":"purchasable","13":"product-type-simple"},"_links":{"self":[{"href":"https:\/\/sezona.lv\/en\/wp-json\/wp\/v2\/product\/75999","targetHints":{"allow":["GET"]}}],"collection":[{"href":"https:\/\/sezona.lv\/en\/wp-json\/wp\/v2\/product"}],"about":[{"href":"https:\/\/sezona.lv\/en\/wp-json\/wp\/v2\/types\/product"}],"wp:featuredmedia":[{"embeddable":true,"href":"https:\/\/sezona.lv\/en\/wp-json\/wp\/v2\/media\/59796"}],"wp:attachment":[{"href":"https:\/\/sezona.lv\/en\/wp-json\/wp\/v2\/media?parent=75999"}],"wp:term":[{"taxonomy":"product_brand","embeddable":true,"href":"https:\/\/sezona.lv\/en\/wp-json\/wp\/v2\/product_brand?post=75999"},{"taxonomy":"product_cat","embeddable":true,"href":"https:\/\/sezona.lv\/en\/wp-json\/wp\/v2\/product_cat?post=75999"},{"taxonomy":"product_tag","embeddable":true,"href":"https:\/\/sezona.lv\/en\/wp-json\/wp\/v2\/product_tag?post=75999"}],"curies":[{"name":"wp","href":"https:\/\/api.w.org\/{rel}","templated":true}]}}