{"id":76000,"date":"2025-07-11T15:36:27","date_gmt":"2025-07-11T12:36:27","guid":{"rendered":"https:\/\/demo8.ecube.lv\/sezona.lv\/products\/suunto-mb-6-normal-north\/"},"modified":"2025-07-14T14:44:16","modified_gmt":"2025-07-14T11:44:16","slug":"suunto-mb-6-normal-north","status":"publish","type":"product","link":"https:\/\/sezona.lv\/en\/products\/suunto-mb-6-normal-north\/","title":{"rendered":"SUUNTO MB-6 NORMAL (NORTH)"},"content":{"rendered":"<ul>\n<li><span id=\"saturosss\">&nbsp; Balans\u0113ts zieme\u013cu puslodei<\/span><\/li>\n<li><span id=\"saturosss\">&nbsp;Klinometrs<\/span><\/li>\n<li><span id=\"saturosss\">&nbsp; S\u0113rkoci\u0146kast\u012btes dizains nodro&scaron;ina lielu iztur\u012bbu<\/span><\/li>\n<li><span id=\"saturosss\">&nbsp; Sp\u012bd\u012bgi mar\u0137\u0113jumi \u013cauj kompasu viegl\u0101k izmantot tums\u0101<\/span><\/li>\n<li><span id=\"saturosss\">&nbsp; Regul\u0113jama novirzes nov\u0113r&scaron;anas skala<\/span><\/li>\n<li><span id=\"saturosss\">&nbsp; D\u0101rgakmens gultnis<\/span><\/li>\n<li><span id=\"saturosss\">&nbsp; Spogulis<\/span><\/li>\n<li><span id=\"saturosss\">&nbsp; M\u0113rvien\u012bba: p\u0113das<\/span><\/li>\n<li><span id=\"saturosss\">&nbsp; Palielin\u0101mais stikls<\/span><\/li>\n<li><span id=\"saturosss\">&nbsp; Izm\u0113rs: <\/span>240 x 92 x 35 mm<\/li>\n<li><span id=\"saturosss\">&nbsp; Svars: 59 g<\/span><\/li>\n<li><span id=\"saturosss\">\u016adensiztur\u012bgs<\/span><\/li>\n<li><span id=\"saturosss\">Ar siksni\u0146u<\/span><\/li>\n<\/ul>\n","protected":false},"excerpt":{"rendered":"<p>&nbsp; Balans\u0113ts zieme\u013cu puslodei &nbsp;Klinometrs &nbsp; S\u0113rkoci\u0146kast\u012btes dizains nodro&scaron;ina lielu iztur\u012bbu &nbsp; Sp\u012bd\u012bgi mar\u0137\u0113jumi \u013cauj kompasu viegl\u0101k izmantot tums\u0101 &nbsp; Regul\u0113jama novirzes nov\u0113r&scaron;anas skala &nbsp; D\u0101rgakmens gultnis &nbsp; Spogulis &nbsp; M\u0113rvien\u012bba: p\u0113das &nbsp; Palielin\u0101mais stikls &nbsp; Izm\u0113rs: 240 x 92 x 35 mm &nbsp; Svars: 59 g \u016adensiztur\u012bgs Ar siksni\u0146u<\/p>\n","protected":false},"featured_media":59799,"template":"","meta":[],"product_brand":[905],"product_cat":[4626],"product_tag":[],"class_list":{"0":"post-76000","1":"product","2":"type-product","3":"status-publish","4":"has-post-thumbnail","6":"product_brand-suunto","7":"product_cat-compasses-navigation-watches-radios","9":"first","10":"instock","11":"shipping-taxable","12":"purchasable","13":"product-type-simple"},"_links":{"self":[{"href":"https:\/\/sezona.lv\/en\/wp-json\/wp\/v2\/product\/76000","targetHints":{"allow":["GET"]}}],"collection":[{"href":"https:\/\/sezona.lv\/en\/wp-json\/wp\/v2\/product"}],"about":[{"href":"https:\/\/sezona.lv\/en\/wp-json\/wp\/v2\/types\/product"}],"wp:featuredmedia":[{"embeddable":true,"href":"https:\/\/sezona.lv\/en\/wp-json\/wp\/v2\/media\/59799"}],"wp:attachment":[{"href":"https:\/\/sezona.lv\/en\/wp-json\/wp\/v2\/media?parent=76000"}],"wp:term":[{"taxonomy":"product_brand","embeddable":true,"href":"https:\/\/sezona.lv\/en\/wp-json\/wp\/v2\/product_brand?post=76000"},{"taxonomy":"product_cat","embeddable":true,"href":"https:\/\/sezona.lv\/en\/wp-json\/wp\/v2\/product_cat?post=76000"},{"taxonomy":"product_tag","embeddable":true,"href":"https:\/\/sezona.lv\/en\/wp-json\/wp\/v2\/product_tag?post=76000"}],"curies":[{"name":"wp","href":"https:\/\/api.w.org\/{rel}","templated":true}]}}