{"id":76001,"date":"2025-07-14T14:44:17","date_gmt":"2025-07-14T11:44:17","guid":{"rendered":"https:\/\/demo8.ecube.lv\/sezona.lv\/products\/suunto-mb-6-global\/"},"modified":"2025-07-14T14:44:17","modified_gmt":"2025-07-14T11:44:17","slug":"suunto-mb-6-global","status":"publish","type":"product","link":"https:\/\/sezona.lv\/en\/products\/suunto-mb-6-global\/","title":{"rendered":"SUUNTO MB-6 GLOBAL"},"content":{"rendered":"<p>Ra\u017eot\u0101js \tSuunto <br \/>Tips \tRokas <br \/>Skalu m\u0113rvien\u012bba \tGr\u0101di <br \/>FUNKCIJAS <br \/>Klinometrs \tJ\u0101 <br \/>Line\u0101ls \tN\u0113 <br \/>Lupa \tN\u0113 <br \/>FIZISKIE PARAMETRI <br \/>Izm\u0113ri 67 x 47 x 22 mm <br \/>Svars \t57 g <br \/>PAPILDUS <br \/>\u016adensiztur\u012bgs \tJ\u0101 <br \/>\u012apa&scaron;as atz\u012bmes \tLuminisc\u0113jo&scaron;as z\u012bmes <br \/>Precizit\u0101te: 2.5&deg; <br \/>Darba temperat\u016bra -30&deg; C l\u012bdz + 60&deg; C <br \/>Klinometrs skala: 0 &plusmn; 90 &deg; <br \/>Klinometra precizit\u0101te: 2&deg; <br \/>Ir spogulis <br \/>Optimiz\u0113ts zieme\u013cu puslodei, bet lietojams visur<\/p>\n","protected":false},"excerpt":{"rendered":"<p>Ra\u017eot\u0101js Suunto Tips Rokas Skalu m\u0113rvien\u012bba Gr\u0101di FUNKCIJAS Klinometrs J\u0101 Line\u0101ls N\u0113 Lupa N\u0113 FIZISKIE PARAMETRI Izm\u0113ri 67 x 47 x 22 mm Svars 57 g PAPILDUS \u016adensiztur\u012bgs J\u0101 \u012apa&scaron;as atz\u012bmes Luminisc\u0113jo&scaron;as z\u012bmes Precizit\u0101te: 2.5&deg; Darba temperat\u016bra -30&deg; C l\u012bdz + 60&deg; C Klinometrs skala: 0 &plusmn; 90 &deg; Klinometra precizit\u0101te: 2&deg; Ir spogulis Optimiz\u0113ts [&hellip;]<\/p>\n","protected":false},"featured_media":0,"template":"","meta":[],"product_brand":[905],"product_cat":[4587,4626],"product_tag":[],"class_list":{"0":"post-76001","1":"product","2":"type-product","3":"status-publish","5":"product_brand-suunto","6":"product_cat-sports","7":"product_cat-compasses-navigation-watches-radios","9":"first","10":"instock","11":"shipping-taxable","12":"purchasable","13":"product-type-simple"},"_links":{"self":[{"href":"https:\/\/sezona.lv\/en\/wp-json\/wp\/v2\/product\/76001","targetHints":{"allow":["GET"]}}],"collection":[{"href":"https:\/\/sezona.lv\/en\/wp-json\/wp\/v2\/product"}],"about":[{"href":"https:\/\/sezona.lv\/en\/wp-json\/wp\/v2\/types\/product"}],"wp:attachment":[{"href":"https:\/\/sezona.lv\/en\/wp-json\/wp\/v2\/media?parent=76001"}],"wp:term":[{"taxonomy":"product_brand","embeddable":true,"href":"https:\/\/sezona.lv\/en\/wp-json\/wp\/v2\/product_brand?post=76001"},{"taxonomy":"product_cat","embeddable":true,"href":"https:\/\/sezona.lv\/en\/wp-json\/wp\/v2\/product_cat?post=76001"},{"taxonomy":"product_tag","embeddable":true,"href":"https:\/\/sezona.lv\/en\/wp-json\/wp\/v2\/product_tag?post=76001"}],"curies":[{"name":"wp","href":"https:\/\/api.w.org\/{rel}","templated":true}]}}