{"id":76002,"date":"2025-07-14T14:44:18","date_gmt":"2025-07-14T11:44:18","guid":{"rendered":"https:\/\/demo8.ecube.lv\/sezona.lv\/products\/suunto-m-9-black-nh-with-velcro-strap\/"},"modified":"2025-07-14T14:44:18","modified_gmt":"2025-07-14T11:44:18","slug":"suunto-m-9-black-nh-with-velcro-strap","status":"publish","type":"product","link":"https:\/\/sezona.lv\/en\/products\/suunto-m-9-black-nh-with-velcro-strap\/","title":{"rendered":"SUUNTO M-9\/BLACK\/NH WITH VELCRO STRAP"},"content":{"rendered":"<p>Ra\u017eot\u0101js: Suunto<\/p>\n<p>Tips: Rokas<\/p>\n<p>Skalu m\u0113rvien\u012bba: Gr\u0101di<\/p>\n<p>Izm\u0113ri: 41 x 47 x 14 mm<\/p>\n<p>Svars: 16g<\/p>\n<p>\u016adensiztur\u012bgs: J\u0101<\/p>\n<p>Klinometrs: N\u0113<\/p>\n<p>Lupa: N\u0113<\/p>\n<p>Line\u0101ls: N\u0113<\/p>\n<p>Optimiz\u0113ts zieme\u013cu puslodei <br \/>Luminisc\u0113jo&scaron;as z\u012bmes <br \/>Plaukstas siksni\u0146a <br \/>Precizit\u0101te: 5&deg; <br \/>Darba temperat\u016bra -30&deg; C l\u012bdz + 60&deg; C<\/p>\n","protected":false},"excerpt":{"rendered":"<p>Ra\u017eot\u0101js: Suunto Tips: Rokas Skalu m\u0113rvien\u012bba: Gr\u0101di Izm\u0113ri: 41 x 47 x 14 mm Svars: 16g \u016adensiztur\u012bgs: J\u0101 Klinometrs: N\u0113 Lupa: N\u0113 Line\u0101ls: N\u0113 Optimiz\u0113ts zieme\u013cu puslodei Luminisc\u0113jo&scaron;as z\u012bmes Plaukstas siksni\u0146a Precizit\u0101te: 5&deg; Darba temperat\u016bra -30&deg; C l\u012bdz + 60&deg; C<\/p>\n","protected":false},"featured_media":0,"template":"","meta":[],"product_brand":[905],"product_cat":[4587],"product_tag":[],"class_list":{"0":"post-76002","1":"product","2":"type-product","3":"status-publish","5":"product_brand-suunto","6":"product_cat-sports","8":"first","9":"instock","10":"shipping-taxable","11":"purchasable","12":"product-type-simple"},"_links":{"self":[{"href":"https:\/\/sezona.lv\/en\/wp-json\/wp\/v2\/product\/76002","targetHints":{"allow":["GET"]}}],"collection":[{"href":"https:\/\/sezona.lv\/en\/wp-json\/wp\/v2\/product"}],"about":[{"href":"https:\/\/sezona.lv\/en\/wp-json\/wp\/v2\/types\/product"}],"wp:attachment":[{"href":"https:\/\/sezona.lv\/en\/wp-json\/wp\/v2\/media?parent=76002"}],"wp:term":[{"taxonomy":"product_brand","embeddable":true,"href":"https:\/\/sezona.lv\/en\/wp-json\/wp\/v2\/product_brand?post=76002"},{"taxonomy":"product_cat","embeddable":true,"href":"https:\/\/sezona.lv\/en\/wp-json\/wp\/v2\/product_cat?post=76002"},{"taxonomy":"product_tag","embeddable":true,"href":"https:\/\/sezona.lv\/en\/wp-json\/wp\/v2\/product_tag?post=76002"}],"curies":[{"name":"wp","href":"https:\/\/api.w.org\/{rel}","templated":true}]}}