{"id":76004,"date":"2025-07-11T15:36:31","date_gmt":"2025-07-11T12:36:31","guid":{"rendered":"https:\/\/demo8.ecube.lv\/sezona.lv\/products\/suunto-control-marker-30-x-30-cm\/"},"modified":"2025-07-14T14:44:20","modified_gmt":"2025-07-14T11:44:20","slug":"suunto-control-marker-30-x-30-cm","status":"publish","type":"product","link":"https:\/\/sezona.lv\/en\/products\/suunto-control-marker-30-x-30-cm\/","title":{"rendered":"SUUNTO CONTROL MARKER 30 x 30 CM"},"content":{"rendered":"<p>Atstarojo&scaron;s lukturis SUUNTO CONTROL MARKER 30 x 30 CM (SS004986000)<br \/> Orient\u0113&scaron;an\u0101s sporta lukturis ar iestr\u0101d\u0101tiem atstarojo&scaron;iem elementiem.<br \/> Izm\u0113rs 30x30cm<\/p>\n","protected":false},"excerpt":{"rendered":"<p>Atstarojo&scaron;s lukturis SUUNTO CONTROL MARKER 30 x 30 CM (SS004986000) Orient\u0113&scaron;an\u0101s sporta lukturis ar iestr\u0101d\u0101tiem atstarojo&scaron;iem elementiem. Izm\u0113rs 30x30cm<\/p>\n","protected":false},"featured_media":59807,"template":"","meta":[],"product_brand":[905],"product_cat":[4626],"product_tag":[],"class_list":{"0":"post-76004","1":"product","2":"type-product","3":"status-publish","4":"has-post-thumbnail","6":"product_brand-suunto","7":"product_cat-compasses-navigation-watches-radios","9":"first","10":"instock","11":"shipping-taxable","12":"purchasable","13":"product-type-simple"},"_links":{"self":[{"href":"https:\/\/sezona.lv\/en\/wp-json\/wp\/v2\/product\/76004","targetHints":{"allow":["GET"]}}],"collection":[{"href":"https:\/\/sezona.lv\/en\/wp-json\/wp\/v2\/product"}],"about":[{"href":"https:\/\/sezona.lv\/en\/wp-json\/wp\/v2\/types\/product"}],"wp:featuredmedia":[{"embeddable":true,"href":"https:\/\/sezona.lv\/en\/wp-json\/wp\/v2\/media\/59807"}],"wp:attachment":[{"href":"https:\/\/sezona.lv\/en\/wp-json\/wp\/v2\/media?parent=76004"}],"wp:term":[{"taxonomy":"product_brand","embeddable":true,"href":"https:\/\/sezona.lv\/en\/wp-json\/wp\/v2\/product_brand?post=76004"},{"taxonomy":"product_cat","embeddable":true,"href":"https:\/\/sezona.lv\/en\/wp-json\/wp\/v2\/product_cat?post=76004"},{"taxonomy":"product_tag","embeddable":true,"href":"https:\/\/sezona.lv\/en\/wp-json\/wp\/v2\/product_tag?post=76004"}],"curies":[{"name":"wp","href":"https:\/\/api.w.org\/{rel}","templated":true}]}}