{"id":76005,"date":"2025-07-11T15:36:32","date_gmt":"2025-07-11T12:36:32","guid":{"rendered":"https:\/\/demo8.ecube.lv\/sezona.lv\/products\/suunto-instruction-compass\/"},"modified":"2025-07-14T14:44:21","modified_gmt":"2025-07-14T11:44:21","slug":"suunto-instruction-compass","status":"publish","type":"product","link":"https:\/\/sezona.lv\/en\/products\/suunto-instruction-compass\/","title":{"rendered":"SUUNTO INSTRUCTION COMPASS"},"content":{"rendered":"<p>Ra\u017eot\u0101js: Suunto<\/p>\n<p>Tips: Rokas<\/p>\n<p>Skalu m\u0113rvien\u012bba: Centimetri; Gr\u0101di; Milimetri; P\u0113das<\/p>\n<p>\u016adensiztur\u012bgs<\/p>\n<p>Line\u0101ls: J\u0101<\/p>\n<p>Klinometrs: N\u0113<\/p>\n<p>Lupa: N\u0113<\/p>\n","protected":false},"excerpt":{"rendered":"<p>Ra\u017eot\u0101js: Suunto Tips: Rokas Skalu m\u0113rvien\u012bba: Centimetri; Gr\u0101di; Milimetri; P\u0113das \u016adensiztur\u012bgs Line\u0101ls: J\u0101 Klinometrs: N\u0113 Lupa: N\u0113<\/p>\n","protected":false},"featured_media":59810,"template":"","meta":[],"product_brand":[905],"product_cat":[4626],"product_tag":[],"class_list":{"0":"post-76005","1":"product","2":"type-product","3":"status-publish","4":"has-post-thumbnail","6":"product_brand-suunto","7":"product_cat-compasses-navigation-watches-radios","9":"first","10":"instock","11":"shipping-taxable","12":"purchasable","13":"product-type-simple"},"_links":{"self":[{"href":"https:\/\/sezona.lv\/en\/wp-json\/wp\/v2\/product\/76005","targetHints":{"allow":["GET"]}}],"collection":[{"href":"https:\/\/sezona.lv\/en\/wp-json\/wp\/v2\/product"}],"about":[{"href":"https:\/\/sezona.lv\/en\/wp-json\/wp\/v2\/types\/product"}],"wp:featuredmedia":[{"embeddable":true,"href":"https:\/\/sezona.lv\/en\/wp-json\/wp\/v2\/media\/59810"}],"wp:attachment":[{"href":"https:\/\/sezona.lv\/en\/wp-json\/wp\/v2\/media?parent=76005"}],"wp:term":[{"taxonomy":"product_brand","embeddable":true,"href":"https:\/\/sezona.lv\/en\/wp-json\/wp\/v2\/product_brand?post=76005"},{"taxonomy":"product_cat","embeddable":true,"href":"https:\/\/sezona.lv\/en\/wp-json\/wp\/v2\/product_cat?post=76005"},{"taxonomy":"product_tag","embeddable":true,"href":"https:\/\/sezona.lv\/en\/wp-json\/wp\/v2\/product_tag?post=76005"}],"curies":[{"name":"wp","href":"https:\/\/api.w.org\/{rel}","templated":true}]}}