{"id":76006,"date":"2025-07-14T14:44:21","date_gmt":"2025-07-14T11:44:21","guid":{"rendered":"https:\/\/demo8.ecube.lv\/sezona.lv\/products\/suunto-instruction-kit-comp-box-30-a-10\/"},"modified":"2025-07-14T14:44:21","modified_gmt":"2025-07-14T11:44:21","slug":"suunto-instruction-kit-comp-box-30-a-10","status":"publish","type":"product","link":"https:\/\/sezona.lv\/en\/products\/suunto-instruction-kit-comp-box-30-a-10\/","title":{"rendered":"SUUNTO INSTRUCTION KIT COMP.BOX + 30 A-10"},"content":{"rendered":"<p>M\u0101c\u012bbu komplekt\u0101 ietilpst 30 Suunto A-10 kompasi (inches scale) ar  instrukcij\u0101m un lielu m\u0101c\u012bbu demo kompassu, kuru var izmantot uz  projektora. Visas &scaron;\u012bs sast\u0101vda\u013cas var glab\u0101t sarkan\u0101 plastmasas korpus\u0101. <br \/>Korpusa izm\u0113ri 390 x 310 x 95 mm.<\/p>\n","protected":false},"excerpt":{"rendered":"<p>M\u0101c\u012bbu komplekt\u0101 ietilpst 30 Suunto A-10 kompasi (inches scale) ar instrukcij\u0101m un lielu m\u0101c\u012bbu demo kompassu, kuru var izmantot uz projektora. Visas &scaron;\u012bs sast\u0101vda\u013cas var glab\u0101t sarkan\u0101 plastmasas korpus\u0101. Korpusa izm\u0113ri 390 x 310 x 95 mm.<\/p>\n","protected":false},"featured_media":0,"template":"","meta":[],"product_brand":[905],"product_cat":[4587,4626],"product_tag":[],"class_list":{"0":"post-76006","1":"product","2":"type-product","3":"status-publish","5":"product_brand-suunto","6":"product_cat-sports","7":"product_cat-compasses-navigation-watches-radios","9":"first","10":"instock","11":"shipping-taxable","12":"purchasable","13":"product-type-simple"},"_links":{"self":[{"href":"https:\/\/sezona.lv\/en\/wp-json\/wp\/v2\/product\/76006","targetHints":{"allow":["GET"]}}],"collection":[{"href":"https:\/\/sezona.lv\/en\/wp-json\/wp\/v2\/product"}],"about":[{"href":"https:\/\/sezona.lv\/en\/wp-json\/wp\/v2\/types\/product"}],"wp:attachment":[{"href":"https:\/\/sezona.lv\/en\/wp-json\/wp\/v2\/media?parent=76006"}],"wp:term":[{"taxonomy":"product_brand","embeddable":true,"href":"https:\/\/sezona.lv\/en\/wp-json\/wp\/v2\/product_brand?post=76006"},{"taxonomy":"product_cat","embeddable":true,"href":"https:\/\/sezona.lv\/en\/wp-json\/wp\/v2\/product_cat?post=76006"},{"taxonomy":"product_tag","embeddable":true,"href":"https:\/\/sezona.lv\/en\/wp-json\/wp\/v2\/product_tag?post=76006"}],"curies":[{"name":"wp","href":"https:\/\/api.w.org\/{rel}","templated":true}]}}