{"id":76007,"date":"2025-07-11T15:36:34","date_gmt":"2025-07-11T12:36:34","guid":{"rendered":"https:\/\/demo8.ecube.lv\/sezona.lv\/products\/ledus-skaldnis-105cm\/"},"modified":"2025-07-14T14:44:22","modified_gmt":"2025-07-14T11:44:22","slug":"ledus-skaldnis-105cm","status":"publish","type":"product","link":"https:\/\/sezona.lv\/en\/products\/ledus-skaldnis-105cm\/","title":{"rendered":"Ledus skaldnis, 105cm"},"content":{"rendered":"<ul>\n<li>Platums: 18<\/li>\n<li>Augstums: 5<\/li>\n<li>K\u0101ta garums: 105<\/li>\n<li>K\u0101ta materi\u0101ls: koks<\/li>\n<li>Roktura veids: u-veida<\/li>\n<li>Kr\u0101sa: melna<\/li>\n<\/ul>\n","protected":false},"excerpt":{"rendered":"<p>Platums: 18 Augstums: 5 K\u0101ta garums: 105 K\u0101ta materi\u0101ls: koks Roktura veids: u-veida Kr\u0101sa: melna<\/p>\n","protected":false},"featured_media":59813,"template":"","meta":[],"product_brand":[],"product_cat":[4630,4632],"product_tag":[],"class_list":{"0":"post-76007","1":"product","2":"type-product","3":"status-publish","4":"has-post-thumbnail","6":"product_cat-winter-seasonal-items","7":"product_cat-snow-shovels-winter-seasonal-items","9":"first","10":"instock","11":"shipping-taxable","12":"purchasable","13":"product-type-simple"},"_links":{"self":[{"href":"https:\/\/sezona.lv\/en\/wp-json\/wp\/v2\/product\/76007","targetHints":{"allow":["GET"]}}],"collection":[{"href":"https:\/\/sezona.lv\/en\/wp-json\/wp\/v2\/product"}],"about":[{"href":"https:\/\/sezona.lv\/en\/wp-json\/wp\/v2\/types\/product"}],"wp:featuredmedia":[{"embeddable":true,"href":"https:\/\/sezona.lv\/en\/wp-json\/wp\/v2\/media\/59813"}],"wp:attachment":[{"href":"https:\/\/sezona.lv\/en\/wp-json\/wp\/v2\/media?parent=76007"}],"wp:term":[{"taxonomy":"product_brand","embeddable":true,"href":"https:\/\/sezona.lv\/en\/wp-json\/wp\/v2\/product_brand?post=76007"},{"taxonomy":"product_cat","embeddable":true,"href":"https:\/\/sezona.lv\/en\/wp-json\/wp\/v2\/product_cat?post=76007"},{"taxonomy":"product_tag","embeddable":true,"href":"https:\/\/sezona.lv\/en\/wp-json\/wp\/v2\/product_tag?post=76007"}],"curies":[{"name":"wp","href":"https:\/\/api.w.org\/{rel}","templated":true}]}}