{"id":76011,"date":"2025-07-11T15:36:38","date_gmt":"2025-07-11T12:36:38","guid":{"rendered":"https:\/\/demo8.ecube.lv\/sezona.lv\/products\/acito-nuja-master-950-mm-pp-zala-kreisroc\/"},"modified":"2025-07-14T14:44:26","modified_gmt":"2025-07-14T11:44:26","slug":"acito-nuja-master-950-mm-pp-zala-kreisroc","status":"publish","type":"product","link":"https:\/\/sezona.lv\/en\/products\/acito-nuja-master-950-mm-pp-zala-kreisroc\/","title":{"rendered":"Acito n\u016bja &#8220;MASTER&#8221; 950 mm , PP (za\u013ca) \u2014 kreisroc."},"content":{"rendered":"<p><span id=\"content_descr\"><br \/><\/span><\/p>\n<ul>\n<li><span id=\"content_descr\">Izm\u0113rs: 950mm garum\u0101<\/span><\/li>\n<li><span id=\"content_descr\">Kr\u0101sa: za\u013ca<br \/><\/span><\/li>\n<\/ul>\n","protected":false},"excerpt":{"rendered":"<p>Izm\u0113rs: 950mm garum\u0101 Kr\u0101sa: za\u013ca<\/p>\n","protected":false},"featured_media":59827,"template":"","meta":[],"product_brand":[],"product_cat":[4602,4633,4642],"product_tag":[],"class_list":{"0":"post-76011","1":"product","2":"type-product","3":"status-publish","4":"has-post-thumbnail","6":"product_cat-summer-sports-sports","7":"product_cat-floorball-summer-sports-sports","8":"product_cat-floorball-sticks-floorball-summer-sports-sports","10":"first","11":"instock","12":"shipping-taxable","13":"purchasable","14":"product-type-simple"},"_links":{"self":[{"href":"https:\/\/sezona.lv\/en\/wp-json\/wp\/v2\/product\/76011","targetHints":{"allow":["GET"]}}],"collection":[{"href":"https:\/\/sezona.lv\/en\/wp-json\/wp\/v2\/product"}],"about":[{"href":"https:\/\/sezona.lv\/en\/wp-json\/wp\/v2\/types\/product"}],"wp:featuredmedia":[{"embeddable":true,"href":"https:\/\/sezona.lv\/en\/wp-json\/wp\/v2\/media\/59827"}],"wp:attachment":[{"href":"https:\/\/sezona.lv\/en\/wp-json\/wp\/v2\/media?parent=76011"}],"wp:term":[{"taxonomy":"product_brand","embeddable":true,"href":"https:\/\/sezona.lv\/en\/wp-json\/wp\/v2\/product_brand?post=76011"},{"taxonomy":"product_cat","embeddable":true,"href":"https:\/\/sezona.lv\/en\/wp-json\/wp\/v2\/product_cat?post=76011"},{"taxonomy":"product_tag","embeddable":true,"href":"https:\/\/sezona.lv\/en\/wp-json\/wp\/v2\/product_tag?post=76011"}],"curies":[{"name":"wp","href":"https:\/\/api.w.org\/{rel}","templated":true}]}}