{"id":76014,"date":"2025-07-11T15:36:41","date_gmt":"2025-07-11T12:36:41","guid":{"rendered":"https:\/\/demo8.ecube.lv\/sezona.lv\/products\/acito-komplekts-ebi-950-mm-12nuj-3b\/"},"modified":"2025-07-14T14:44:29","modified_gmt":"2025-07-14T11:44:29","slug":"acito-komplekts-ebi-950-mm-12nuj-3b","status":"publish","type":"product","link":"https:\/\/sezona.lv\/en\/products\/acito-komplekts-ebi-950-mm-12nuj-3b\/","title":{"rendered":"Acito komplekts &#8220;EBI&#8221; 950 mm (12n\u016bj.+3b.)"},"content":{"rendered":"<ul>\n<li>Komplekt\u0101: 12 n\u016bjas 950mm, 3 bumbi\u0146as<\/li>\n<li>Izm\u0113rs: 950mm garum\u0101<\/li>\n<\/ul>\n<p>&nbsp;<\/p>\n","protected":false},"excerpt":{"rendered":"<p>Komplekt\u0101: 12 n\u016bjas 950mm, 3 bumbi\u0146as Izm\u0113rs: 950mm garum\u0101 &nbsp;<\/p>\n","protected":false},"featured_media":59838,"template":"","meta":[],"product_brand":[],"product_cat":[4602,4633,4642],"product_tag":[],"class_list":{"0":"post-76014","1":"product","2":"type-product","3":"status-publish","4":"has-post-thumbnail","6":"product_cat-summer-sports-sports","7":"product_cat-floorball-summer-sports-sports","8":"product_cat-floorball-sticks-floorball-summer-sports-sports","10":"first","11":"instock","12":"shipping-taxable","13":"purchasable","14":"product-type-simple"},"_links":{"self":[{"href":"https:\/\/sezona.lv\/en\/wp-json\/wp\/v2\/product\/76014","targetHints":{"allow":["GET"]}}],"collection":[{"href":"https:\/\/sezona.lv\/en\/wp-json\/wp\/v2\/product"}],"about":[{"href":"https:\/\/sezona.lv\/en\/wp-json\/wp\/v2\/types\/product"}],"wp:featuredmedia":[{"embeddable":true,"href":"https:\/\/sezona.lv\/en\/wp-json\/wp\/v2\/media\/59838"}],"wp:attachment":[{"href":"https:\/\/sezona.lv\/en\/wp-json\/wp\/v2\/media?parent=76014"}],"wp:term":[{"taxonomy":"product_brand","embeddable":true,"href":"https:\/\/sezona.lv\/en\/wp-json\/wp\/v2\/product_brand?post=76014"},{"taxonomy":"product_cat","embeddable":true,"href":"https:\/\/sezona.lv\/en\/wp-json\/wp\/v2\/product_cat?post=76014"},{"taxonomy":"product_tag","embeddable":true,"href":"https:\/\/sezona.lv\/en\/wp-json\/wp\/v2\/product_tag?post=76014"}],"curies":[{"name":"wp","href":"https:\/\/api.w.org\/{rel}","templated":true}]}}